{"id":4142,"date":"2022-09-30T14:55:18","date_gmt":"2022-09-30T14:55:18","guid":{"rendered":"https:\/\/engeteam.com\/?page_id=4142"},"modified":"2023-02-10T17:53:58","modified_gmt":"2023-02-10T17:53:58","slug":"industrial-automation","status":"publish","type":"page","link":"https:\/\/engeteam.com\/en\/services\/industrial-automation\/","title":{"rendered":"Industrial Automation"},"content":{"rendered":"\t\t<div data-elementor-type=\"wp-page\" data-elementor-id=\"4142\" class=\"elementor elementor-4142 elementor-1399\" data-elementor-post-type=\"page\">\n\t\t\t\t<div data-dce-background-image-url=\"https:\/\/engeteam.com\/wp-content\/uploads\/2022\/09\/bg4.jpg\" class=\"elementor-element elementor-element-b5f1376 e-flex e-con-boxed e-con e-parent\" data-id=\"b5f1376\" data-element_type=\"container\" data-e-type=\"container\" data-settings=\"{&quot;background_background&quot;:&quot;classic&quot;,&quot;jet_parallax_layout_list&quot;:[]}\">\n\t\t\t\t\t<div class=\"e-con-inner\">\n\t\t<div class=\"elementor-element elementor-element-473a847 e-con-full e-flex e-con e-parent\" data-id=\"473a847\" data-element_type=\"container\" data-e-type=\"container\" data-settings=\"{&quot;jet_parallax_layout_list&quot;:[]}\">\n\t\t\t\t<div class=\"elementor-element elementor-element-7183050 titulos-engeteam elementor-widget-mobile__width-inherit elementor-widget elementor-widget-image-box\" data-id=\"7183050\" data-element_type=\"widget\" data-e-type=\"widget\" data-widget_type=\"image-box.default\">\n\t\t\t\t<div class=\"elementor-widget-container\">\n\t\t\t\t\t<div class=\"elementor-image-box-wrapper\"><div class=\"elementor-image-box-content\"><h3 class=\"elementor-image-box-title\">SERVICES<\/h3><p class=\"elementor-image-box-description\">INDUSTRIAL<br> <span>\nAUTOMATION<\/span><\/p><\/div><\/div>\t\t\t\t<\/div>\n\t\t\t\t<\/div>\n\t\t\t\t<div class=\"elementor-element elementor-element-436ae2e elementor-widget elementor-widget-text-editor\" data-id=\"436ae2e\" data-element_type=\"widget\" data-e-type=\"widget\" data-widget_type=\"text-editor.default\">\n\t\t\t\t<div class=\"elementor-widget-container\">\n\t\t\t\t\t\t\t\t\t<p>ENGETEAM stands out for developing the most complete range of solutions in industrial automation in the market and it is anchored by professionals with renowned experience in the sector.<\/p><p>We dispose projects with the &#8220;Single Source&#8221; concept, highly customized to your business segment, with innovative equipment and technologies available in the market.<\/p><p><strong>Learn about some of our services in Industrial Automation:<\/strong><\/p><ul><li>Project preparation and implementation on demand<\/li><li>NR12 adequacy projects<\/li><li>Processes and production line digitalization and traceability<\/li><li>Industrial process optimization<\/li><li>Asset management projects using AI methodology (Artificial Intelligence)<\/li><li>Vision systems<\/li><\/ul>\t\t\t\t\t\t\t\t<\/div>\n\t\t\t\t<\/div>\n\t\t\t\t<\/div>\n\t\t<div class=\"elementor-element elementor-element-a0ac772 e-con-full e-flex e-con e-parent\" data-id=\"a0ac772\" data-element_type=\"container\" data-e-type=\"container\" data-settings=\"{&quot;jet_parallax_layout_list&quot;:[]}\">\n\t\t\t\t<div class=\"elementor-element elementor-element-a4e05a8 elementor-widget elementor-widget-image\" data-id=\"a4e05a8\" data-element_type=\"widget\" data-e-type=\"widget\" data-widget_type=\"image.default\">\n\t\t\t\t<div class=\"elementor-widget-container\">\n\t\t\t\t\t\t\t\t\t\t\t\t\t\t\t<img fetchpriority=\"high\" decoding=\"async\" width=\"558\" height=\"563\" src=\"https:\/\/engeteam.com\/wp-content\/uploads\/2022\/12\/img-automacao.png\" class=\"attachment-large size-large wp-image-3767\" alt=\"\" srcset=\"https:\/\/engeteam.com\/wp-content\/uploads\/2022\/12\/img-automacao.png 558w, https:\/\/engeteam.com\/wp-content\/uploads\/2022\/12\/img-automacao-297x300.png 297w, https:\/\/engeteam.com\/wp-content\/uploads\/2022\/12\/img-automacao-150x150.png 150w\" sizes=\"(max-width: 558px) 100vw, 558px\" \/>\t\t\t\t\t\t\t\t\t\t\t\t\t\t\t<\/div>\n\t\t\t\t<\/div>\n\t\t\t\t<\/div>\n\t\t\t\t\t<\/div>\n\t\t\t\t<\/div>\n\t\t<div class=\"elementor-element elementor-element-1006c31 e-con-full e-flex e-con e-parent\" data-id=\"1006c31\" data-element_type=\"container\" data-e-type=\"container\" data-settings=\"{&quot;jet_parallax_layout_list&quot;:[]}\">\n\t\t<div class=\"elementor-element elementor-element-7bd918a e-con-full e-flex e-con e-parent\" data-id=\"7bd918a\" data-element_type=\"container\" data-e-type=\"container\" data-settings=\"{&quot;jet_parallax_layout_list&quot;:[]}\">\n\t\t\t\t<div class=\"elementor-element elementor-element-bcc153d elementor-widget elementor-widget-google_maps\" data-id=\"bcc153d\" data-element_type=\"widget\" data-e-type=\"widget\" data-widget_type=\"google_maps.default\">\n\t\t\t\t<div class=\"elementor-widget-container\">\n\t\t\t\t\t\t\t<div class=\"elementor-custom-embed\">\n\t\t\t<iframe loading=\"lazy\"\n\t\t\t\t\tsrc=\"https:\/\/maps.google.com\/maps?q=engeteam&#038;t=m&#038;z=17&#038;output=embed&#038;iwloc=near\"\n\t\t\t\t\ttitle=\"engeteam\"\n\t\t\t\t\taria-label=\"engeteam\"\n\t\t\t><\/iframe>\n\t\t<\/div>\n\t\t\t\t\t\t<\/div>\n\t\t\t\t<\/div>\n\t\t\t\t<\/div>\n\t\t<div class=\"elementor-element elementor-element-6fc37b5 e-con-full e-flex e-con e-parent\" data-id=\"6fc37b5\" data-element_type=\"container\" data-e-type=\"container\" data-settings=\"{&quot;background_background&quot;:&quot;classic&quot;,&quot;jet_parallax_layout_list&quot;:[]}\">\n\t\t\t\t<div class=\"elementor-element elementor-element-f2e4f9f titulos-engeteam elementor-widget-mobile__width-inherit elementor-widget elementor-widget-image-box\" data-id=\"f2e4f9f\" data-element_type=\"widget\" data-e-type=\"widget\" data-widget_type=\"image-box.default\">\n\t\t\t\t<div class=\"elementor-widget-container\">\n\t\t\t\t\t<div class=\"elementor-image-box-wrapper\"><div class=\"elementor-image-box-content\"><h3 class=\"elementor-image-box-title\">DO YOU WANT TO AUTOMATE YOUR BUSINESS?<\/h3><p class=\"elementor-image-box-description\">ENGETEAM TRANSFORMS<br> YOUR BUSINESS<br>\n<span>\nCHALLENGES INTO POSSIBILITIES!<\/span><\/p><\/div><\/div>\t\t\t\t<\/div>\n\t\t\t\t<\/div>\n\t\t\t\t<div class=\"elementor-element elementor-element-f976442 elementor-widget__width-initial elementor-widget-tablet__width-inherit elementor-button-align-stretch elementor-widget elementor-widget-form\" data-id=\"f976442\" data-element_type=\"widget\" data-e-type=\"widget\" data-settings=\"{&quot;step_next_label&quot;:&quot;Next&quot;,&quot;step_previous_label&quot;:&quot;Previous&quot;,&quot;button_width&quot;:&quot;100&quot;,&quot;step_type&quot;:&quot;number_text&quot;,&quot;step_icon_shape&quot;:&quot;circle&quot;}\" data-widget_type=\"form.default\">\n\t\t\t\t<div class=\"elementor-widget-container\">\n\t\t\t\t\t\t\t<form class=\"elementor-form\" method=\"post\" name=\"Fale Conosco\" aria-label=\"Fale Conosco\">\n\t\t\t<input type=\"hidden\" name=\"post_id\" value=\"4142\"\/>\n\t\t\t<input type=\"hidden\" name=\"form_id\" value=\"f976442\"\/>\n\t\t\t<input type=\"hidden\" name=\"referer_title\" value=\"Industrial Automation &#8211; Engeteam\" \/>\n\n\t\t\t\t\t\t\t<input type=\"hidden\" name=\"queried_id\" value=\"4142\"\/>\n\t\t\t\n\t\t\t<div class=\"elementor-form-fields-wrapper elementor-labels-\">\n\t\t\t\t\t\t\t\t<div class=\"elementor-field-type-text elementor-field-group elementor-column elementor-field-group-nome elementor-col-50 elementor-field-required\">\n\t\t\t\t\t\t\t\t\t\t\t\t<label for=\"form-field-nome\" class=\"elementor-field-label elementor-screen-only\">\n\t\t\t\t\t\t\t\tNome\t\t\t\t\t\t\t<\/label>\n\t\t\t\t\t\t\t\t\t\t\t\t\t\t<input size=\"1\" type=\"text\" name=\"form_fields[nome]\" id=\"form-field-nome\" class=\"elementor-field elementor-size-sm  elementor-field-textual\" placeholder=\"Name\" required=\"required\">\n\t\t\t\t\t\t\t\t\t\t\t<\/div>\n\t\t\t\t\t\t\t\t<div class=\"elementor-field-type-email elementor-field-group elementor-column elementor-field-group-email elementor-col-50 elementor-field-required\">\n\t\t\t\t\t\t\t\t\t\t\t\t<label for=\"form-field-email\" class=\"elementor-field-label elementor-screen-only\">\n\t\t\t\t\t\t\t\tEmail\t\t\t\t\t\t\t<\/label>\n\t\t\t\t\t\t\t\t\t\t\t\t\t\t<input size=\"1\" type=\"email\" name=\"form_fields[email]\" id=\"form-field-email\" class=\"elementor-field elementor-size-sm  elementor-field-textual\" placeholder=\"Email\" required=\"required\">\n\t\t\t\t\t\t\t\t\t\t\t<\/div>\n\t\t\t\t\t\t\t\t<div class=\"elementor-field-type-tel elementor-field-group elementor-column elementor-field-group-field_9a09361 elementor-col-50 elementor-field-required\">\n\t\t\t\t\t\t\t\t\t\t\t\t<label for=\"form-field-field_9a09361\" class=\"elementor-field-label elementor-screen-only\">\n\t\t\t\t\t\t\t\tTelefone\t\t\t\t\t\t\t<\/label>\n\t\t\t\t\t\t\t\t<input size=\"1\" type=\"tel\" name=\"form_fields[field_9a09361]\" id=\"form-field-field_9a09361\" class=\"elementor-field elementor-size-sm  elementor-field-textual\" placeholder=\"Telephone\" required=\"required\" pattern=\"[0-9()#&amp;+*-=.]+\" title=\"Only numbers and phone characters (#, -, *, etc) are accepted.\">\n\n\t\t\t\t\t\t<\/div>\n\t\t\t\t\t\t\t\t<div class=\"elementor-field-type-text elementor-field-group elementor-column elementor-field-group-field_a747238 elementor-col-50 elementor-field-required\">\n\t\t\t\t\t\t\t\t\t\t\t\t<label for=\"form-field-field_a747238\" class=\"elementor-field-label elementor-screen-only\">\n\t\t\t\t\t\t\t\tEmpresa\t\t\t\t\t\t\t<\/label>\n\t\t\t\t\t\t\t\t\t\t\t\t\t\t<input size=\"1\" type=\"text\" name=\"form_fields[field_a747238]\" id=\"form-field-field_a747238\" class=\"elementor-field elementor-size-sm  elementor-field-textual\" placeholder=\"Company\" required=\"required\">\n\t\t\t\t\t\t\t\t\t\t\t<\/div>\n\t\t\t\t\t\t\t\t<div class=\"elementor-field-type-text elementor-field-group elementor-column elementor-field-group-field_299e3b4 elementor-col-50 elementor-field-required\">\n\t\t\t\t\t\t\t\t\t\t\t\t<label for=\"form-field-field_299e3b4\" class=\"elementor-field-label elementor-screen-only\">\n\t\t\t\t\t\t\t\tCargo\t\t\t\t\t\t\t<\/label>\n\t\t\t\t\t\t\t\t\t\t\t\t\t\t<input size=\"1\" type=\"text\" name=\"form_fields[field_299e3b4]\" id=\"form-field-field_299e3b4\" class=\"elementor-field elementor-size-sm  elementor-field-textual\" placeholder=\"Position\" required=\"required\">\n\t\t\t\t\t\t\t\t\t\t\t<\/div>\n\t\t\t\t\t\t\t\t<div class=\"elementor-field-type-text elementor-field-group elementor-column elementor-field-group-field_21b2f84 elementor-col-50 elementor-field-required\">\n\t\t\t\t\t\t\t\t\t\t\t\t<label for=\"form-field-field_21b2f84\" class=\"elementor-field-label elementor-screen-only\">\n\t\t\t\t\t\t\t\tAssunto\t\t\t\t\t\t\t<\/label>\n\t\t\t\t\t\t\t\t\t\t\t\t\t\t<input size=\"1\" type=\"text\" name=\"form_fields[field_21b2f84]\" id=\"form-field-field_21b2f84\" class=\"elementor-field elementor-size-sm  elementor-field-textual\" placeholder=\"Subject\" required=\"required\">\n\t\t\t\t\t\t\t\t\t\t\t<\/div>\n\t\t\t\t\t\t\t\t<div class=\"elementor-field-type-textarea elementor-field-group elementor-column elementor-field-group-message elementor-col-100 elementor-field-required\">\n\t\t\t\t\t\t\t\t\t\t\t\t<label for=\"form-field-message\" class=\"elementor-field-label elementor-screen-only\">\n\t\t\t\t\t\t\t\tQual a sua necessidade?\t\t\t\t\t\t\t<\/label>\n\t\t\t\t\t\t<textarea class=\"elementor-field-textual elementor-field  elementor-size-sm\" name=\"form_fields[message]\" id=\"form-field-message\" rows=\"4\" placeholder=\"What do you need?\" required=\"required\"><\/textarea>\t\t\t\t<\/div>\n\t\t\t\t\t\t\t\t<div class=\"elementor-field-type-recaptcha_v3 elementor-field-group elementor-column elementor-field-group-field_142137e elementor-col-100 recaptcha_v3-bottomright\">\n\t\t\t\t\t<div class=\"elementor-field\" id=\"form-field-field_142137e\"><div class=\"elementor-g-recaptcha\" data-sitekey=\"6Ldjby8nAAAAAG9Ry-SQbNU_U8Q3w-tZIRtPCjh_\" data-type=\"v3\" data-action=\"Form\" data-badge=\"bottomright\" data-size=\"invisible\"><\/div><\/div>\t\t\t\t<\/div>\n\t\t\t\t\t\t\t\t<div class=\"elementor-field-group elementor-column elementor-field-type-submit elementor-col-100 e-form__buttons\">\n\t\t\t\t\t<button class=\"elementor-button elementor-size-sm\" type=\"submit\">\n\t\t\t\t\t\t<span class=\"elementor-button-content-wrapper\">\n\t\t\t\t\t\t\t\t\t\t\t\t\t\t\t\t\t\t\t\t\t\t<span class=\"elementor-button-text\">I WANT TO AUTOMATE MY COMPANY<\/span>\n\t\t\t\t\t\t\t\t\t\t\t\t\t<\/span>\n\t\t\t\t\t<\/button>\n\t\t\t\t<\/div>\n\t\t\t<\/div>\n\t\t<\/form>\n\t\t\t\t\t\t<\/div>\n\t\t\t\t<\/div>\n\t\t\t\t<\/div>\n\t\t\t\t<\/div>\n\t\t\t\t<\/div>\n\t\t","protected":false},"excerpt":{"rendered":"<p>SERVICES INDUSTRIAL AUTOMATION ENGETEAM stands out for developing the most complete range of solutions in industrial automation in the market and it is anchored by professionals with renowned experience in the sector. We dispose projects with the &#8220;Single Source&#8221; concept, highly customized to your business segment, with innovative equipment and technologies available in the market. [&hellip;]<\/p>\n","protected":false},"author":2,"featured_media":3497,"parent":4137,"menu_order":0,"comment_status":"closed","ping_status":"closed","template":"","meta":{"_acf_changed":false,"site-sidebar-layout":"no-sidebar","site-content-layout":"page-builder","ast-site-content-layout":"full-width-container","site-content-style":"unboxed","site-sidebar-style":"unboxed","ast-global-header-display":"","ast-banner-title-visibility":"","ast-main-header-display":"","ast-hfb-above-header-display":"","ast-hfb-below-header-display":"","ast-hfb-mobile-header-display":"","site-post-title":"disabled","ast-breadcrumbs-content":"","ast-featured-img":"disabled","footer-sml-layout":"","ast-disable-related-posts":"","theme-transparent-header-meta":"default","adv-header-id-meta":"","stick-header-meta":"","header-above-stick-meta":"","header-main-stick-meta":"","header-below-stick-meta":"","astra-migrate-meta-layouts":"default","ast-page-background-enabled":"default","ast-page-background-meta":{"desktop":{"background-color":"var(--ast-global-color-4)","background-image":"","background-repeat":"repeat","background-position":"center center","background-size":"auto","background-attachment":"scroll","background-type":"","background-media":"","overlay-type":"","overlay-color":"","overlay-opacity":"","overlay-gradient":""},"tablet":{"background-color":"","background-image":"","background-repeat":"repeat","background-position":"center center","background-size":"auto","background-attachment":"scroll","background-type":"","background-media":"","overlay-type":"","overlay-color":"","overlay-opacity":"","overlay-gradient":""},"mobile":{"background-color":"","background-image":"","background-repeat":"repeat","background-position":"center center","background-size":"auto","background-attachment":"scroll","background-type":"","background-media":"","overlay-type":"","overlay-color":"","overlay-opacity":"","overlay-gradient":""}},"ast-content-background-meta":{"desktop":{"background-color":"var(--ast-global-color-5)","background-image":"","background-repeat":"repeat","background-position":"center center","background-size":"auto","background-attachment":"scroll","background-type":"","background-media":"","overlay-type":"","overlay-color":"","overlay-opacity":"","overlay-gradient":""},"tablet":{"background-color":"var(--ast-global-color-5)","background-image":"","background-repeat":"repeat","background-position":"center center","background-size":"auto","background-attachment":"scroll","background-type":"","background-media":"","overlay-type":"","overlay-color":"","overlay-opacity":"","overlay-gradient":""},"mobile":{"background-color":"var(--ast-global-color-5)","background-image":"","background-repeat":"repeat","background-position":"center center","background-size":"auto","background-attachment":"scroll","background-type":"","background-media":"","overlay-type":"","overlay-color":"","overlay-opacity":"","overlay-gradient":""}},"footnotes":""},"class_list":["post-4142","page","type-page","status-publish","has-post-thumbnail","hentry"],"acf":[],"yoast_head":"<!-- This site is optimized with the Yoast SEO plugin v27.3 - https:\/\/yoast.com\/product\/yoast-seo-wordpress\/ -->\n<title>Industrial Automation &#8211; Engeteam<\/title>\n<meta name=\"robots\" content=\"index, follow, max-snippet:-1, max-image-preview:large, max-video-preview:-1\" \/>\n<link rel=\"canonical\" href=\"https:\/\/engeteam.com\/en\/services\/industrial-automation\/\" \/>\n<meta property=\"og:locale\" content=\"en_US\" \/>\n<meta property=\"og:type\" content=\"article\" \/>\n<meta property=\"og:title\" content=\"Industrial Automation &#8211; Engeteam\" \/>\n<meta property=\"og:description\" content=\"SERVICES INDUSTRIAL AUTOMATION ENGETEAM stands out for developing the most complete range of solutions in industrial automation in the market and it is anchored by professionals with renowned experience in the sector. We dispose projects with the &#8220;Single Source&#8221; concept, highly customized to your business segment, with innovative equipment and technologies available in the market. [&hellip;]\" \/>\n<meta property=\"og:url\" content=\"https:\/\/engeteam.com\/en\/services\/industrial-automation\/\" \/>\n<meta property=\"og:site_name\" content=\"Engeteam\" \/>\n<meta property=\"article:modified_time\" content=\"2023-02-10T17:53:58+00:00\" \/>\n<meta property=\"og:image\" content=\"https:\/\/engeteam.com\/wp-content\/uploads\/2022\/10\/title-automacao.jpg\" \/>\n\t<meta property=\"og:image:width\" content=\"1920\" \/>\n\t<meta property=\"og:image:height\" content=\"444\" \/>\n\t<meta property=\"og:image:type\" content=\"image\/jpeg\" \/>\n<meta name=\"twitter:card\" content=\"summary_large_image\" \/>\n<meta name=\"twitter:label1\" content=\"Est. reading time\" \/>\n\t<meta name=\"twitter:data1\" content=\"1 minute\" \/>\n<script type=\"application\/ld+json\" class=\"yoast-schema-graph\">{\"@context\":\"https:\\\/\\\/schema.org\",\"@graph\":[{\"@type\":\"WebPage\",\"@id\":\"https:\\\/\\\/engeteam.com\\\/en\\\/services\\\/industrial-automation\\\/\",\"url\":\"https:\\\/\\\/engeteam.com\\\/en\\\/services\\\/industrial-automation\\\/\",\"name\":\"Industrial Automation &#8211; Engeteam\",\"isPartOf\":{\"@id\":\"https:\\\/\\\/engeteam.com\\\/#website\"},\"primaryImageOfPage\":{\"@id\":\"https:\\\/\\\/engeteam.com\\\/en\\\/services\\\/industrial-automation\\\/#primaryimage\"},\"image\":{\"@id\":\"https:\\\/\\\/engeteam.com\\\/en\\\/services\\\/industrial-automation\\\/#primaryimage\"},\"thumbnailUrl\":\"https:\\\/\\\/engeteam.com\\\/wp-content\\\/uploads\\\/2022\\\/10\\\/title-automacao.jpg\",\"datePublished\":\"2022-09-30T14:55:18+00:00\",\"dateModified\":\"2023-02-10T17:53:58+00:00\",\"breadcrumb\":{\"@id\":\"https:\\\/\\\/engeteam.com\\\/en\\\/services\\\/industrial-automation\\\/#breadcrumb\"},\"inLanguage\":\"en-US\",\"potentialAction\":[{\"@type\":\"ReadAction\",\"target\":[\"https:\\\/\\\/engeteam.com\\\/en\\\/services\\\/industrial-automation\\\/\"]}]},{\"@type\":\"ImageObject\",\"inLanguage\":\"en-US\",\"@id\":\"https:\\\/\\\/engeteam.com\\\/en\\\/services\\\/industrial-automation\\\/#primaryimage\",\"url\":\"https:\\\/\\\/engeteam.com\\\/wp-content\\\/uploads\\\/2022\\\/10\\\/title-automacao.jpg\",\"contentUrl\":\"https:\\\/\\\/engeteam.com\\\/wp-content\\\/uploads\\\/2022\\\/10\\\/title-automacao.jpg\",\"width\":1920,\"height\":444},{\"@type\":\"BreadcrumbList\",\"@id\":\"https:\\\/\\\/engeteam.com\\\/en\\\/services\\\/industrial-automation\\\/#breadcrumb\",\"itemListElement\":[{\"@type\":\"ListItem\",\"position\":1,\"name\":\"In\u00edcio\",\"item\":\"https:\\\/\\\/engeteam.com\\\/es\\\/home\\\/\"},{\"@type\":\"ListItem\",\"position\":2,\"name\":\"Services\",\"item\":\"https:\\\/\\\/engeteam.com\\\/en\\\/services\\\/\"},{\"@type\":\"ListItem\",\"position\":3,\"name\":\"Industrial Automation\"}]},{\"@type\":\"WebSite\",\"@id\":\"https:\\\/\\\/engeteam.com\\\/#website\",\"url\":\"https:\\\/\\\/engeteam.com\\\/\",\"name\":\"Engeteam\",\"description\":\"Solu\u00e7\u00f5es e servi\u00e7os em automa\u00e7\u00e3o industrial, engenharia, sistemas de vis\u00e3o e rob\u00f3tica.\",\"publisher\":{\"@id\":\"https:\\\/\\\/engeteam.com\\\/#organization\"},\"alternateName\":\"Empresa nacional com foco no desenvolvimento de solu\u00e7\u00f5es e servi\u00e7os em automa\u00e7\u00e3o industrial, engenharia, sistemas de vis\u00e3o e rob\u00f3tica.\",\"potentialAction\":[{\"@type\":\"SearchAction\",\"target\":{\"@type\":\"EntryPoint\",\"urlTemplate\":\"https:\\\/\\\/engeteam.com\\\/?s={search_term_string}\"},\"query-input\":{\"@type\":\"PropertyValueSpecification\",\"valueRequired\":true,\"valueName\":\"search_term_string\"}}],\"inLanguage\":\"en-US\"},{\"@type\":\"Organization\",\"@id\":\"https:\\\/\\\/engeteam.com\\\/#organization\",\"name\":\"Engeteam\",\"url\":\"https:\\\/\\\/engeteam.com\\\/\",\"logo\":{\"@type\":\"ImageObject\",\"inLanguage\":\"en-US\",\"@id\":\"https:\\\/\\\/engeteam.com\\\/#\\\/schema\\\/logo\\\/image\\\/\",\"url\":\"https:\\\/\\\/engeteam.com\\\/wp-content\\\/uploads\\\/2022\\\/09\\\/logo-engeteam.png\",\"contentUrl\":\"https:\\\/\\\/engeteam.com\\\/wp-content\\\/uploads\\\/2022\\\/09\\\/logo-engeteam.png\",\"width\":240,\"height\":29,\"caption\":\"Engeteam\"},\"image\":{\"@id\":\"https:\\\/\\\/engeteam.com\\\/#\\\/schema\\\/logo\\\/image\\\/\"}}]}<\/script>\n<!-- \/ Yoast SEO plugin. -->","yoast_head_json":{"title":"Industrial Automation &#8211; Engeteam","robots":{"index":"index","follow":"follow","max-snippet":"max-snippet:-1","max-image-preview":"max-image-preview:large","max-video-preview":"max-video-preview:-1"},"canonical":"https:\/\/engeteam.com\/en\/services\/industrial-automation\/","og_locale":"en_US","og_type":"article","og_title":"Industrial Automation &#8211; Engeteam","og_description":"SERVICES INDUSTRIAL AUTOMATION ENGETEAM stands out for developing the most complete range of solutions in industrial automation in the market and it is anchored by professionals with renowned experience in the sector. We dispose projects with the &#8220;Single Source&#8221; concept, highly customized to your business segment, with innovative equipment and technologies available in the market. [&hellip;]","og_url":"https:\/\/engeteam.com\/en\/services\/industrial-automation\/","og_site_name":"Engeteam","article_modified_time":"2023-02-10T17:53:58+00:00","og_image":[{"width":1920,"height":444,"url":"https:\/\/engeteam.com\/wp-content\/uploads\/2022\/10\/title-automacao.jpg","type":"image\/jpeg"}],"twitter_card":"summary_large_image","twitter_misc":{"Est. reading time":"1 minute"},"schema":{"@context":"https:\/\/schema.org","@graph":[{"@type":"WebPage","@id":"https:\/\/engeteam.com\/en\/services\/industrial-automation\/","url":"https:\/\/engeteam.com\/en\/services\/industrial-automation\/","name":"Industrial Automation &#8211; Engeteam","isPartOf":{"@id":"https:\/\/engeteam.com\/#website"},"primaryImageOfPage":{"@id":"https:\/\/engeteam.com\/en\/services\/industrial-automation\/#primaryimage"},"image":{"@id":"https:\/\/engeteam.com\/en\/services\/industrial-automation\/#primaryimage"},"thumbnailUrl":"https:\/\/engeteam.com\/wp-content\/uploads\/2022\/10\/title-automacao.jpg","datePublished":"2022-09-30T14:55:18+00:00","dateModified":"2023-02-10T17:53:58+00:00","breadcrumb":{"@id":"https:\/\/engeteam.com\/en\/services\/industrial-automation\/#breadcrumb"},"inLanguage":"en-US","potentialAction":[{"@type":"ReadAction","target":["https:\/\/engeteam.com\/en\/services\/industrial-automation\/"]}]},{"@type":"ImageObject","inLanguage":"en-US","@id":"https:\/\/engeteam.com\/en\/services\/industrial-automation\/#primaryimage","url":"https:\/\/engeteam.com\/wp-content\/uploads\/2022\/10\/title-automacao.jpg","contentUrl":"https:\/\/engeteam.com\/wp-content\/uploads\/2022\/10\/title-automacao.jpg","width":1920,"height":444},{"@type":"BreadcrumbList","@id":"https:\/\/engeteam.com\/en\/services\/industrial-automation\/#breadcrumb","itemListElement":[{"@type":"ListItem","position":1,"name":"In\u00edcio","item":"https:\/\/engeteam.com\/es\/home\/"},{"@type":"ListItem","position":2,"name":"Services","item":"https:\/\/engeteam.com\/en\/services\/"},{"@type":"ListItem","position":3,"name":"Industrial Automation"}]},{"@type":"WebSite","@id":"https:\/\/engeteam.com\/#website","url":"https:\/\/engeteam.com\/","name":"Engeteam","description":"Solu\u00e7\u00f5es e servi\u00e7os em automa\u00e7\u00e3o industrial, engenharia, sistemas de vis\u00e3o e rob\u00f3tica.","publisher":{"@id":"https:\/\/engeteam.com\/#organization"},"alternateName":"Empresa nacional com foco no desenvolvimento de solu\u00e7\u00f5es e servi\u00e7os em automa\u00e7\u00e3o industrial, engenharia, sistemas de vis\u00e3o e rob\u00f3tica.","potentialAction":[{"@type":"SearchAction","target":{"@type":"EntryPoint","urlTemplate":"https:\/\/engeteam.com\/?s={search_term_string}"},"query-input":{"@type":"PropertyValueSpecification","valueRequired":true,"valueName":"search_term_string"}}],"inLanguage":"en-US"},{"@type":"Organization","@id":"https:\/\/engeteam.com\/#organization","name":"Engeteam","url":"https:\/\/engeteam.com\/","logo":{"@type":"ImageObject","inLanguage":"en-US","@id":"https:\/\/engeteam.com\/#\/schema\/logo\/image\/","url":"https:\/\/engeteam.com\/wp-content\/uploads\/2022\/09\/logo-engeteam.png","contentUrl":"https:\/\/engeteam.com\/wp-content\/uploads\/2022\/09\/logo-engeteam.png","width":240,"height":29,"caption":"Engeteam"},"image":{"@id":"https:\/\/engeteam.com\/#\/schema\/logo\/image\/"}}]}},"_links":{"self":[{"href":"https:\/\/engeteam.com\/en\/wp-json\/wp\/v2\/pages\/4142","targetHints":{"allow":["GET"]}}],"collection":[{"href":"https:\/\/engeteam.com\/en\/wp-json\/wp\/v2\/pages"}],"about":[{"href":"https:\/\/engeteam.com\/en\/wp-json\/wp\/v2\/types\/page"}],"author":[{"embeddable":true,"href":"https:\/\/engeteam.com\/en\/wp-json\/wp\/v2\/users\/2"}],"replies":[{"embeddable":true,"href":"https:\/\/engeteam.com\/en\/wp-json\/wp\/v2\/comments?post=4142"}],"version-history":[{"count":0,"href":"https:\/\/engeteam.com\/en\/wp-json\/wp\/v2\/pages\/4142\/revisions"}],"up":[{"embeddable":true,"href":"https:\/\/engeteam.com\/en\/wp-json\/wp\/v2\/pages\/4137"}],"wp:featuredmedia":[{"embeddable":true,"href":"https:\/\/engeteam.com\/en\/wp-json\/wp\/v2\/media\/3497"}],"wp:attachment":[{"href":"https:\/\/engeteam.com\/en\/wp-json\/wp\/v2\/media?parent=4142"}],"curies":[{"name":"wp","href":"https:\/\/api.w.org\/{rel}","templated":true}]}}