{"id":4131,"date":"2022-09-30T14:05:55","date_gmt":"2022-09-30T14:05:55","guid":{"rendered":"https:\/\/engeteam.com\/?page_id=4131"},"modified":"2023-02-12T01:21:15","modified_gmt":"2023-02-12T01:21:15","slug":"alianzas","status":"publish","type":"page","link":"https:\/\/engeteam.com\/es\/alianzas\/","title":{"rendered":"Alianzas"},"content":{"rendered":"\t\t<div data-elementor-type=\"wp-page\" data-elementor-id=\"4131\" class=\"elementor elementor-4131 elementor-1358\" data-elementor-post-type=\"page\">\n\t\t\t\t<div class=\"elementor-element elementor-element-625c6fd e-flex e-con-boxed e-con e-parent\" data-id=\"625c6fd\" data-element_type=\"container\" data-e-type=\"container\" data-settings=\"{&quot;jet_parallax_layout_list&quot;:[]}\">\n\t\t\t\t\t<div class=\"e-con-inner\">\n\t\t<div class=\"elementor-element elementor-element-dd7af1d e-con-full e-flex e-con e-parent\" data-id=\"dd7af1d\" data-element_type=\"container\" data-e-type=\"container\" data-settings=\"{&quot;jet_parallax_layout_list&quot;:[]}\">\n\t\t\t\t<div class=\"elementor-element elementor-element-42a62df elementor-widget elementor-widget-image\" data-id=\"42a62df\" data-element_type=\"widget\" data-e-type=\"widget\" data-widget_type=\"image.default\">\n\t\t\t\t<div class=\"elementor-widget-container\">\n\t\t\t\t\t\t\t\t\t\t\t\t\t\t\t<img fetchpriority=\"high\" decoding=\"async\" width=\"513\" height=\"457\" src=\"https:\/\/engeteam.com\/wp-content\/uploads\/2022\/12\/img-fill.png\" class=\"attachment-full size-full wp-image-3760\" alt=\"\" srcset=\"https:\/\/engeteam.com\/wp-content\/uploads\/2022\/12\/img-fill.png 513w, https:\/\/engeteam.com\/wp-content\/uploads\/2022\/12\/img-fill-300x267.png 300w\" sizes=\"(max-width: 513px) 100vw, 513px\" \/>\t\t\t\t\t\t\t\t\t\t\t\t\t\t\t<\/div>\n\t\t\t\t<\/div>\n\t\t\t\t<\/div>\n\t\t<div class=\"elementor-element elementor-element-3b11cf4 e-con-full e-flex e-con e-parent\" data-id=\"3b11cf4\" data-element_type=\"container\" data-e-type=\"container\" data-settings=\"{&quot;jet_parallax_layout_list&quot;:[]}\">\n\t\t\t\t<div class=\"elementor-element elementor-element-2d3f4ea titulos-engeteam elementor-widget-mobile__width-inherit elementor-widget elementor-widget-image-box\" data-id=\"2d3f4ea\" data-element_type=\"widget\" data-e-type=\"widget\" data-widget_type=\"image-box.default\">\n\t\t\t\t<div class=\"elementor-widget-container\">\n\t\t\t\t\t<div class=\"elementor-image-box-wrapper\"><div class=\"elementor-image-box-content\"><h3 class=\"elementor-image-box-title\">ALIANZA DE SUCESO<\/h3><p class=\"elementor-image-box-description\">Engeteam<br>\n<span>Internacional<\/span><\/p><\/div><\/div>\t\t\t\t<\/div>\n\t\t\t\t<\/div>\n\t\t\t\t<div class=\"elementor-element elementor-element-3e28105 elementor-widget elementor-widget-text-editor\" data-id=\"3e28105\" data-element_type=\"widget\" data-e-type=\"widget\" data-widget_type=\"text-editor.default\">\n\t\t\t\t<div class=\"elementor-widget-container\">\n\t\t\t\t\t\t\t\t\t<p>Buscando ofrecer la m\u00e1s amplia y completa l\u00ednea de soluciones en sistemas de producci\u00f3n, ENGETEAM se convirti\u00f3 en 2011, el representante en Brasil de\u00a0<a href=\"http:\/\/www.fill.co.at\/en\" target=\"_blank\" rel=\"noopener\">FILL<\/a>, sociedad austriaca l\u00edder mundial en soluciones y equipos para la industria automotriz con enfoque en fundici\u00f3n y metalmec\u00e1nica..<\/p><p><strong>Alianza de suceso<\/strong><\/p><p>La uni\u00f3n con FILL garantiza que los servicios de ENGETEAM proporcionar\u00e1n al mercado brasile\u00f1o una alternativa diferenciada en calidad y resultados avanzados.<\/p><p>\u2714 Evoluci\u00f3n en el mundo de la fundici\u00f3n de aluminio y hierro<br \/>\u2714 Tecnolog\u00eda para la inspecci\u00f3n de la calidad y seguridad de las piezas<br \/>\u2714 Actualizaci\u00f3n constante de los conocimientos sobre nuevas tecnolog\u00edas<\/p><p>La FILL es considerada una de las empresas mejor gestionadas de Austria, al recibir el premio \u00abAustria&#8217;s Best Managed Companies\u00bb el pasado 21 de septiembre de 2022.<\/p>\t\t\t\t\t\t\t\t<\/div>\n\t\t\t\t<\/div>\n\t\t\t\t<\/div>\n\t\t\t\t\t<\/div>\n\t\t\t\t<\/div>\n\t\t\t\t<\/div>\n\t\t","protected":false},"excerpt":{"rendered":"<p>ALIANZA DE SUCESO Engeteam Internacional Buscando ofrecer la m\u00e1s amplia y completa l\u00ednea de soluciones en sistemas de producci\u00f3n, ENGETEAM se convirti\u00f3 en 2011, el representante en Brasil de\u00a0FILL, sociedad austriaca l\u00edder mundial en soluciones y equipos para la industria automotriz con enfoque en fundici\u00f3n y metalmec\u00e1nica.. Alianza de suceso La uni\u00f3n con FILL garantiza [&hellip;]<\/p>\n","protected":false},"author":2,"featured_media":3378,"parent":0,"menu_order":0,"comment_status":"closed","ping_status":"closed","template":"","meta":{"_acf_changed":false,"site-sidebar-layout":"no-sidebar","site-content-layout":"page-builder","ast-site-content-layout":"full-width-container","site-content-style":"unboxed","site-sidebar-style":"unboxed","ast-global-header-display":"","ast-banner-title-visibility":"","ast-main-header-display":"","ast-hfb-above-header-display":"","ast-hfb-below-header-display":"","ast-hfb-mobile-header-display":"","site-post-title":"disabled","ast-breadcrumbs-content":"","ast-featured-img":"disabled","footer-sml-layout":"","ast-disable-related-posts":"","theme-transparent-header-meta":"default","adv-header-id-meta":"","stick-header-meta":"","header-above-stick-meta":"","header-main-stick-meta":"","header-below-stick-meta":"","astra-migrate-meta-layouts":"default","ast-page-background-enabled":"default","ast-page-background-meta":{"desktop":{"background-color":"var(--ast-global-color-4)","background-image":"","background-repeat":"repeat","background-position":"center center","background-size":"auto","background-attachment":"scroll","background-type":"","background-media":"","overlay-type":"","overlay-color":"","overlay-opacity":"","overlay-gradient":""},"tablet":{"background-color":"","background-image":"","background-repeat":"repeat","background-position":"center center","background-size":"auto","background-attachment":"scroll","background-type":"","background-media":"","overlay-type":"","overlay-color":"","overlay-opacity":"","overlay-gradient":""},"mobile":{"background-color":"","background-image":"","background-repeat":"repeat","background-position":"center center","background-size":"auto","background-attachment":"scroll","background-type":"","background-media":"","overlay-type":"","overlay-color":"","overlay-opacity":"","overlay-gradient":""}},"ast-content-background-meta":{"desktop":{"background-color":"var(--ast-global-color-5)","background-image":"","background-repeat":"repeat","background-position":"center center","background-size":"auto","background-attachment":"scroll","background-type":"","background-media":"","overlay-type":"","overlay-color":"","overlay-opacity":"","overlay-gradient":""},"tablet":{"background-color":"var(--ast-global-color-5)","background-image":"","background-repeat":"repeat","background-position":"center center","background-size":"auto","background-attachment":"scroll","background-type":"","background-media":"","overlay-type":"","overlay-color":"","overlay-opacity":"","overlay-gradient":""},"mobile":{"background-color":"var(--ast-global-color-5)","background-image":"","background-repeat":"repeat","background-position":"center center","background-size":"auto","background-attachment":"scroll","background-type":"","background-media":"","overlay-type":"","overlay-color":"","overlay-opacity":"","overlay-gradient":""}},"footnotes":""},"class_list":["post-4131","page","type-page","status-publish","has-post-thumbnail","hentry"],"acf":[],"yoast_head":"<!-- This site is optimized with the Yoast SEO plugin v27.3 - https:\/\/yoast.com\/product\/yoast-seo-wordpress\/ -->\n<title>Alianzas &#8211; Engeteam<\/title>\n<meta name=\"robots\" content=\"index, follow, max-snippet:-1, max-image-preview:large, max-video-preview:-1\" \/>\n<link rel=\"canonical\" href=\"https:\/\/engeteam.com\/es\/alianzas\/\" \/>\n<meta property=\"og:locale\" content=\"es_ES\" \/>\n<meta property=\"og:type\" content=\"article\" \/>\n<meta property=\"og:title\" content=\"Alianzas &#8211; Engeteam\" \/>\n<meta property=\"og:description\" content=\"ALIANZA DE SUCESO Engeteam Internacional Buscando ofrecer la m\u00e1s amplia y completa l\u00ednea de soluciones en sistemas de producci\u00f3n, ENGETEAM se convirti\u00f3 en 2011, el representante en Brasil de\u00a0FILL, sociedad austriaca l\u00edder mundial en soluciones y equipos para la industria automotriz con enfoque en fundici\u00f3n y metalmec\u00e1nica.. Alianza de suceso La uni\u00f3n con FILL garantiza [&hellip;]\" \/>\n<meta property=\"og:url\" content=\"https:\/\/engeteam.com\/es\/alianzas\/\" \/>\n<meta property=\"og:site_name\" content=\"Engeteam\" \/>\n<meta property=\"article:modified_time\" content=\"2023-02-12T01:21:15+00:00\" \/>\n<meta property=\"og:image\" content=\"https:\/\/engeteam.com\/wp-content\/uploads\/2022\/09\/parcerias.jpg\" \/>\n\t<meta property=\"og:image:width\" content=\"1920\" \/>\n\t<meta property=\"og:image:height\" content=\"444\" \/>\n\t<meta property=\"og:image:type\" content=\"image\/jpeg\" \/>\n<meta name=\"twitter:card\" content=\"summary_large_image\" \/>\n<meta name=\"twitter:label1\" content=\"Tiempo de lectura\" \/>\n\t<meta name=\"twitter:data1\" content=\"1 minuto\" \/>\n<script type=\"application\/ld+json\" class=\"yoast-schema-graph\">{\"@context\":\"https:\\\/\\\/schema.org\",\"@graph\":[{\"@type\":\"WebPage\",\"@id\":\"https:\\\/\\\/engeteam.com\\\/es\\\/alianzas\\\/\",\"url\":\"https:\\\/\\\/engeteam.com\\\/es\\\/alianzas\\\/\",\"name\":\"Alianzas &#8211; Engeteam\",\"isPartOf\":{\"@id\":\"https:\\\/\\\/engeteam.com\\\/#website\"},\"primaryImageOfPage\":{\"@id\":\"https:\\\/\\\/engeteam.com\\\/es\\\/alianzas\\\/#primaryimage\"},\"image\":{\"@id\":\"https:\\\/\\\/engeteam.com\\\/es\\\/alianzas\\\/#primaryimage\"},\"thumbnailUrl\":\"https:\\\/\\\/engeteam.com\\\/wp-content\\\/uploads\\\/2022\\\/09\\\/parcerias.jpg\",\"datePublished\":\"2022-09-30T14:05:55+00:00\",\"dateModified\":\"2023-02-12T01:21:15+00:00\",\"breadcrumb\":{\"@id\":\"https:\\\/\\\/engeteam.com\\\/es\\\/alianzas\\\/#breadcrumb\"},\"inLanguage\":\"es\",\"potentialAction\":[{\"@type\":\"ReadAction\",\"target\":[\"https:\\\/\\\/engeteam.com\\\/es\\\/alianzas\\\/\"]}]},{\"@type\":\"ImageObject\",\"inLanguage\":\"es\",\"@id\":\"https:\\\/\\\/engeteam.com\\\/es\\\/alianzas\\\/#primaryimage\",\"url\":\"https:\\\/\\\/engeteam.com\\\/wp-content\\\/uploads\\\/2022\\\/09\\\/parcerias.jpg\",\"contentUrl\":\"https:\\\/\\\/engeteam.com\\\/wp-content\\\/uploads\\\/2022\\\/09\\\/parcerias.jpg\",\"width\":1920,\"height\":444},{\"@type\":\"BreadcrumbList\",\"@id\":\"https:\\\/\\\/engeteam.com\\\/es\\\/alianzas\\\/#breadcrumb\",\"itemListElement\":[{\"@type\":\"ListItem\",\"position\":1,\"name\":\"In\u00edcio\",\"item\":\"https:\\\/\\\/engeteam.com\\\/es\\\/home\\\/\"},{\"@type\":\"ListItem\",\"position\":2,\"name\":\"Alianzas\"}]},{\"@type\":\"WebSite\",\"@id\":\"https:\\\/\\\/engeteam.com\\\/#website\",\"url\":\"https:\\\/\\\/engeteam.com\\\/\",\"name\":\"Engeteam\",\"description\":\"Solu\u00e7\u00f5es e servi\u00e7os em automa\u00e7\u00e3o industrial, engenharia, sistemas de vis\u00e3o e rob\u00f3tica.\",\"publisher\":{\"@id\":\"https:\\\/\\\/engeteam.com\\\/#organization\"},\"alternateName\":\"Empresa nacional com foco no desenvolvimento de solu\u00e7\u00f5es e servi\u00e7os em automa\u00e7\u00e3o industrial, engenharia, sistemas de vis\u00e3o e rob\u00f3tica.\",\"potentialAction\":[{\"@type\":\"SearchAction\",\"target\":{\"@type\":\"EntryPoint\",\"urlTemplate\":\"https:\\\/\\\/engeteam.com\\\/?s={search_term_string}\"},\"query-input\":{\"@type\":\"PropertyValueSpecification\",\"valueRequired\":true,\"valueName\":\"search_term_string\"}}],\"inLanguage\":\"es\"},{\"@type\":\"Organization\",\"@id\":\"https:\\\/\\\/engeteam.com\\\/#organization\",\"name\":\"Engeteam\",\"url\":\"https:\\\/\\\/engeteam.com\\\/\",\"logo\":{\"@type\":\"ImageObject\",\"inLanguage\":\"es\",\"@id\":\"https:\\\/\\\/engeteam.com\\\/#\\\/schema\\\/logo\\\/image\\\/\",\"url\":\"https:\\\/\\\/engeteam.com\\\/wp-content\\\/uploads\\\/2022\\\/09\\\/logo-engeteam.png\",\"contentUrl\":\"https:\\\/\\\/engeteam.com\\\/wp-content\\\/uploads\\\/2022\\\/09\\\/logo-engeteam.png\",\"width\":240,\"height\":29,\"caption\":\"Engeteam\"},\"image\":{\"@id\":\"https:\\\/\\\/engeteam.com\\\/#\\\/schema\\\/logo\\\/image\\\/\"}}]}<\/script>\n<!-- \/ Yoast SEO plugin. -->","yoast_head_json":{"title":"Alianzas &#8211; Engeteam","robots":{"index":"index","follow":"follow","max-snippet":"max-snippet:-1","max-image-preview":"max-image-preview:large","max-video-preview":"max-video-preview:-1"},"canonical":"https:\/\/engeteam.com\/es\/alianzas\/","og_locale":"es_ES","og_type":"article","og_title":"Alianzas &#8211; Engeteam","og_description":"ALIANZA DE SUCESO Engeteam Internacional Buscando ofrecer la m\u00e1s amplia y completa l\u00ednea de soluciones en sistemas de producci\u00f3n, ENGETEAM se convirti\u00f3 en 2011, el representante en Brasil de\u00a0FILL, sociedad austriaca l\u00edder mundial en soluciones y equipos para la industria automotriz con enfoque en fundici\u00f3n y metalmec\u00e1nica.. Alianza de suceso La uni\u00f3n con FILL garantiza [&hellip;]","og_url":"https:\/\/engeteam.com\/es\/alianzas\/","og_site_name":"Engeteam","article_modified_time":"2023-02-12T01:21:15+00:00","og_image":[{"width":1920,"height":444,"url":"https:\/\/engeteam.com\/wp-content\/uploads\/2022\/09\/parcerias.jpg","type":"image\/jpeg"}],"twitter_card":"summary_large_image","twitter_misc":{"Tiempo de lectura":"1 minuto"},"schema":{"@context":"https:\/\/schema.org","@graph":[{"@type":"WebPage","@id":"https:\/\/engeteam.com\/es\/alianzas\/","url":"https:\/\/engeteam.com\/es\/alianzas\/","name":"Alianzas &#8211; Engeteam","isPartOf":{"@id":"https:\/\/engeteam.com\/#website"},"primaryImageOfPage":{"@id":"https:\/\/engeteam.com\/es\/alianzas\/#primaryimage"},"image":{"@id":"https:\/\/engeteam.com\/es\/alianzas\/#primaryimage"},"thumbnailUrl":"https:\/\/engeteam.com\/wp-content\/uploads\/2022\/09\/parcerias.jpg","datePublished":"2022-09-30T14:05:55+00:00","dateModified":"2023-02-12T01:21:15+00:00","breadcrumb":{"@id":"https:\/\/engeteam.com\/es\/alianzas\/#breadcrumb"},"inLanguage":"es","potentialAction":[{"@type":"ReadAction","target":["https:\/\/engeteam.com\/es\/alianzas\/"]}]},{"@type":"ImageObject","inLanguage":"es","@id":"https:\/\/engeteam.com\/es\/alianzas\/#primaryimage","url":"https:\/\/engeteam.com\/wp-content\/uploads\/2022\/09\/parcerias.jpg","contentUrl":"https:\/\/engeteam.com\/wp-content\/uploads\/2022\/09\/parcerias.jpg","width":1920,"height":444},{"@type":"BreadcrumbList","@id":"https:\/\/engeteam.com\/es\/alianzas\/#breadcrumb","itemListElement":[{"@type":"ListItem","position":1,"name":"In\u00edcio","item":"https:\/\/engeteam.com\/es\/home\/"},{"@type":"ListItem","position":2,"name":"Alianzas"}]},{"@type":"WebSite","@id":"https:\/\/engeteam.com\/#website","url":"https:\/\/engeteam.com\/","name":"Engeteam","description":"Solu\u00e7\u00f5es e servi\u00e7os em automa\u00e7\u00e3o industrial, engenharia, sistemas de vis\u00e3o e rob\u00f3tica.","publisher":{"@id":"https:\/\/engeteam.com\/#organization"},"alternateName":"Empresa nacional com foco no desenvolvimento de solu\u00e7\u00f5es e servi\u00e7os em automa\u00e7\u00e3o industrial, engenharia, sistemas de vis\u00e3o e rob\u00f3tica.","potentialAction":[{"@type":"SearchAction","target":{"@type":"EntryPoint","urlTemplate":"https:\/\/engeteam.com\/?s={search_term_string}"},"query-input":{"@type":"PropertyValueSpecification","valueRequired":true,"valueName":"search_term_string"}}],"inLanguage":"es"},{"@type":"Organization","@id":"https:\/\/engeteam.com\/#organization","name":"Engeteam","url":"https:\/\/engeteam.com\/","logo":{"@type":"ImageObject","inLanguage":"es","@id":"https:\/\/engeteam.com\/#\/schema\/logo\/image\/","url":"https:\/\/engeteam.com\/wp-content\/uploads\/2022\/09\/logo-engeteam.png","contentUrl":"https:\/\/engeteam.com\/wp-content\/uploads\/2022\/09\/logo-engeteam.png","width":240,"height":29,"caption":"Engeteam"},"image":{"@id":"https:\/\/engeteam.com\/#\/schema\/logo\/image\/"}}]}},"_links":{"self":[{"href":"https:\/\/engeteam.com\/es\/wp-json\/wp\/v2\/pages\/4131","targetHints":{"allow":["GET"]}}],"collection":[{"href":"https:\/\/engeteam.com\/es\/wp-json\/wp\/v2\/pages"}],"about":[{"href":"https:\/\/engeteam.com\/es\/wp-json\/wp\/v2\/types\/page"}],"author":[{"embeddable":true,"href":"https:\/\/engeteam.com\/es\/wp-json\/wp\/v2\/users\/2"}],"replies":[{"embeddable":true,"href":"https:\/\/engeteam.com\/es\/wp-json\/wp\/v2\/comments?post=4131"}],"version-history":[{"count":0,"href":"https:\/\/engeteam.com\/es\/wp-json\/wp\/v2\/pages\/4131\/revisions"}],"wp:featuredmedia":[{"embeddable":true,"href":"https:\/\/engeteam.com\/es\/wp-json\/wp\/v2\/media\/3378"}],"wp:attachment":[{"href":"https:\/\/engeteam.com\/es\/wp-json\/wp\/v2\/media?parent=4131"}],"curies":[{"name":"wp","href":"https:\/\/api.w.org\/{rel}","templated":true}]}}