{"id":4217,"date":"2022-08-12T17:25:19","date_gmt":"2022-08-12T17:25:19","guid":{"rendered":"https:\/\/engeteam.com\/?page_id=4217"},"modified":"2023-02-03T18:36:01","modified_gmt":"2023-02-03T18:36:01","slug":"noticias","status":"publish","type":"page","link":"https:\/\/engeteam.com\/es\/noticias\/","title":{"rendered":"Noticias"},"content":{"rendered":"\t\t<div data-elementor-type=\"wp-page\" data-elementor-id=\"4217\" class=\"elementor elementor-4217 elementor-728\" data-elementor-post-type=\"page\">\n\t\t\t\t<div class=\"elementor-element elementor-element-ecd76a3 e-flex e-con-boxed e-con e-parent\" data-id=\"ecd76a3\" data-element_type=\"container\" data-e-type=\"container\" data-settings=\"{&quot;jet_parallax_layout_list&quot;:[]}\">\n\t\t\t\t\t<div class=\"e-con-inner\">\n\t\t\t\t<div class=\"elementor-element elementor-element-6f6dabd elementor-widget elementor-widget-jet-listing-grid\" data-id=\"6f6dabd\" data-element_type=\"widget\" data-e-type=\"widget\" data-settings=\"{&quot;columns_tablet&quot;:&quot;2&quot;,&quot;columns_mobile&quot;:&quot;1&quot;,&quot;columns&quot;:3}\" data-widget_type=\"jet-listing-grid.default\">\n\t\t\t\t<div class=\"elementor-widget-container\">\n\t\t\t\t\t<div class=\"jet-listing-grid jet-listing\"><div class=\"jet-listing-grid__items grid-col-desk-3 grid-col-tablet-2 grid-col-mobile-1 jet-listing-grid--302\" data-queried-id=\"4217|WP_Post\" data-nav=\"{&quot;enabled&quot;:false,&quot;type&quot;:null,&quot;more_el&quot;:null,&quot;query&quot;:[],&quot;widget_settings&quot;:{&quot;lisitng_id&quot;:302,&quot;posts_num&quot;:6,&quot;columns&quot;:3,&quot;columns_tablet&quot;:2,&quot;columns_mobile&quot;:1,&quot;column_min_width&quot;:240,&quot;column_min_width_tablet&quot;:240,&quot;column_min_width_mobile&quot;:240,&quot;inline_columns_css&quot;:false,&quot;is_archive_template&quot;:&quot;&quot;,&quot;post_status&quot;:[&quot;publish&quot;],&quot;use_random_posts_num&quot;:&quot;&quot;,&quot;max_posts_num&quot;:9,&quot;not_found_message&quot;:&quot;No data was found&quot;,&quot;is_masonry&quot;:false,&quot;equal_columns_height&quot;:&quot;&quot;,&quot;use_load_more&quot;:&quot;&quot;,&quot;load_more_id&quot;:&quot;&quot;,&quot;load_more_type&quot;:&quot;click&quot;,&quot;load_more_offset&quot;:null,&quot;use_custom_post_types&quot;:&quot;&quot;,&quot;custom_post_types&quot;:[],&quot;hide_widget_if&quot;:&quot;&quot;,&quot;carousel_enabled&quot;:&quot;&quot;,&quot;slides_to_scroll&quot;:&quot;1&quot;,&quot;arrows&quot;:&quot;true&quot;,&quot;arrow_icon&quot;:&quot;fa fa-angle-left&quot;,&quot;dots&quot;:&quot;&quot;,&quot;autoplay&quot;:&quot;true&quot;,&quot;pause_on_hover&quot;:&quot;true&quot;,&quot;autoplay_speed&quot;:5000,&quot;infinite&quot;:&quot;true&quot;,&quot;center_mode&quot;:&quot;&quot;,&quot;effect&quot;:&quot;slide&quot;,&quot;speed&quot;:500,&quot;inject_alternative_items&quot;:&quot;&quot;,&quot;injection_items&quot;:[],&quot;scroll_slider_enabled&quot;:&quot;&quot;,&quot;scroll_slider_on&quot;:[&quot;desktop&quot;,&quot;tablet&quot;,&quot;mobile&quot;],&quot;custom_query&quot;:false,&quot;custom_query_id&quot;:&quot;&quot;,&quot;_element_id&quot;:&quot;&quot;,&quot;collapse_first_last_gap&quot;:false,&quot;list_tag_selection&quot;:&quot;&quot;,&quot;list_items_wrapper_tag&quot;:&quot;div&quot;,&quot;list_item_tag&quot;:&quot;div&quot;,&quot;empty_items_wrapper_tag&quot;:&quot;div&quot;}}\" data-page=\"1\" data-pages=\"1\" data-listing-source=\"posts\" data-listing-id=\"302\" data-query-id=\"\"><div class=\"jet-listing-grid__item jet-listing-dynamic-post-4320\" data-post-id=\"4320\"  ><style type=\"text\/css\">.jet-listing-dynamic-post-4320 .elementor-element.elementor-element-4f58f91f:not(.elementor-motion-effects-element-type-background), .jet-listing-dynamic-post-4320 .elementor-element.elementor-element-4f58f91f > .elementor-motion-effects-container > .elementor-motion-effects-layer{background-image:url(\"https:\/\/engeteam.com\/wp-content\/uploads\/2022\/08\/fb.jpg\");}<\/style><div class=\"jet-engine-listing-overlay-wrap\" data-url=\"https:\/\/engeteam.com\/es\/fastback-el-suv-coupe-compacto-producido-por-fiat-cuenta-con-la-automatizacion-engeteam-en-su-produccion\/\">\t\t<div data-elementor-type=\"jet-listing-items\" data-elementor-id=\"302\" class=\"elementor elementor-302\" data-elementor-post-type=\"jet-engine\">\n\t\t\t\t<div data-dce-background-image-url=\"https:\/\/engeteam.com\/wp-content\/uploads\/2022\/08\/fb.jpg\" class=\"elementor-element elementor-element-4f58f91f e-flex e-con-boxed e-con e-parent\" data-id=\"4f58f91f\" data-element_type=\"container\" data-e-type=\"container\" data-settings=\"{&quot;background_background&quot;:&quot;classic&quot;,&quot;jet_parallax_layout_list&quot;:[]}\">\n\t\t\t\t\t<div class=\"e-con-inner\">\n\t\t\t\t<div class=\"elementor-element elementor-element-c15ed1a elementor-align-right elementor-hidden-desktop elementor-hidden-tablet elementor-hidden-mobile elementor-hidden-laptop elementor-widget elementor-widget-post-info\" data-id=\"c15ed1a\" data-element_type=\"widget\" data-e-type=\"widget\" data-widget_type=\"post-info.default\">\n\t\t\t\t<div class=\"elementor-widget-container\">\n\t\t\t\t\t\t\t<ul class=\"elementor-inline-items elementor-icon-list-items elementor-post-info\">\n\t\t\t\t\t\t\t\t<li class=\"elementor-icon-list-item elementor-repeater-item-bacdd26 elementor-inline-item\" itemprop=\"datePublished\">\n\t\t\t\t\t\t<a href=\"https:\/\/engeteam.com\/es\/2022\/08\/05\/\">\n\t\t\t\t\t\t\t\t\t\t\t<span class=\"elementor-icon-list-icon\">\n\t\t\t\t\t\t\t\t<i aria-hidden=\"true\" class=\"fas fa-calendar-check\"><\/i>\t\t\t\t\t\t\t<\/span>\n\t\t\t\t\t\t\t\t\t<span class=\"elementor-icon-list-text elementor-post-info__item elementor-post-info__item--type-date\">\n\t\t\t\t\t\t\t\t\t\t<time>05\/08\/2022<\/time>\t\t\t\t\t<\/span>\n\t\t\t\t\t\t\t\t\t<\/a>\n\t\t\t\t<\/li>\n\t\t\t\t<\/ul>\n\t\t\t\t\t\t<\/div>\n\t\t\t\t<\/div>\n\t\t\t\t<div class=\"elementor-element elementor-element-78a0a890 elementor-cta--skin-cover elementor-cta--valign-bottom card-2 elementor-bg-transform elementor-bg-transform-zoom-in elementor-widget elementor-widget-call-to-action\" data-id=\"78a0a890\" data-element_type=\"widget\" data-e-type=\"widget\" data-widget_type=\"call-to-action.default\">\n\t\t\t\t<div class=\"elementor-widget-container\">\n\t\t\t\t\t\t\t<a class=\"elementor-cta\" href=\"https:\/\/engeteam.com\/es\/fastback-el-suv-coupe-compacto-producido-por-fiat-cuenta-con-la-automatizacion-engeteam-en-su-produccion\/\">\n\t\t\t\t\t<div class=\"elementor-cta__bg-wrapper\">\n\t\t\t\t<div class=\"elementor-cta__bg elementor-bg\" style=\"background-image: url();\" role=\"img\" aria-label=\"\"><\/div>\n\t\t\t\t<div class=\"elementor-cta__bg-overlay\"><\/div>\n\t\t\t<\/div>\n\t\t\t\t\t\t\t<div class=\"elementor-cta__content\">\n\t\t\t\t\n\t\t\t\t\n\t\t\t\t\t\t\t\t\t<div class=\"elementor-cta__description elementor-cta__content-item elementor-content-item\">\n\t\t\t\t\t\tFastback, el SUV Coup\u00e9 compacto producido por FIAT, cuenta con la automatizaci\u00f3n ENGETEAM en su producci\u00f3n\t\t\t\t\t<\/div>\n\t\t\t\t\n\t\t\t\t\t\t\t<\/div>\n\t\t\t\t\t\t<\/a>\n\t\t\t\t\t\t<\/div>\n\t\t\t\t<\/div>\n\t\t\t\t\t<\/div>\n\t\t\t\t<\/div>\n\t\t\t\t<\/div>\n\t\t<a href=\"https:\/\/engeteam.com\/es\/fastback-el-suv-coupe-compacto-producido-por-fiat-cuenta-con-la-automatizacion-engeteam-en-su-produccion\/\" class=\"jet-engine-listing-overlay-link\"><\/a><\/div><\/div><div class=\"jet-listing-grid__item jet-listing-dynamic-post-4316\" data-post-id=\"4316\"  ><style type=\"text\/css\">.jet-listing-dynamic-post-4316 .elementor-element.elementor-element-4f58f91f:not(.elementor-motion-effects-element-type-background), .jet-listing-dynamic-post-4316 .elementor-element.elementor-element-4f58f91f > .elementor-motion-effects-container > .elementor-motion-effects-layer{background-image:url(\"https:\/\/engeteam.com\/wp-content\/uploads\/2022\/08\/compass.jpg\");}<\/style><div class=\"jet-engine-listing-overlay-wrap\" data-url=\"https:\/\/engeteam.com\/es\/el-suv-mas-tecnologico-de-brasil-con-soluciones-engeteam-en-la-produccion-de-su-nuevo-motor-t270\/\">\t\t<div data-elementor-type=\"jet-listing-items\" data-elementor-id=\"302\" class=\"elementor elementor-302\" data-elementor-post-type=\"jet-engine\">\n\t\t\t\t<div data-dce-background-image-url=\"https:\/\/engeteam.com\/wp-content\/uploads\/2022\/08\/compass.jpg\" class=\"elementor-element elementor-element-4f58f91f e-flex e-con-boxed e-con e-parent\" data-id=\"4f58f91f\" data-element_type=\"container\" data-e-type=\"container\" data-settings=\"{&quot;background_background&quot;:&quot;classic&quot;,&quot;jet_parallax_layout_list&quot;:[]}\">\n\t\t\t\t\t<div class=\"e-con-inner\">\n\t\t\t\t<div class=\"elementor-element elementor-element-c15ed1a elementor-align-right elementor-hidden-desktop elementor-hidden-tablet elementor-hidden-mobile elementor-hidden-laptop elementor-widget elementor-widget-post-info\" data-id=\"c15ed1a\" data-element_type=\"widget\" data-e-type=\"widget\" data-widget_type=\"post-info.default\">\n\t\t\t\t<div class=\"elementor-widget-container\">\n\t\t\t\t\t\t\t<ul class=\"elementor-inline-items elementor-icon-list-items elementor-post-info\">\n\t\t\t\t\t\t\t\t<li class=\"elementor-icon-list-item elementor-repeater-item-bacdd26 elementor-inline-item\" itemprop=\"datePublished\">\n\t\t\t\t\t\t<a href=\"https:\/\/engeteam.com\/es\/2022\/08\/05\/\">\n\t\t\t\t\t\t\t\t\t\t\t<span class=\"elementor-icon-list-icon\">\n\t\t\t\t\t\t\t\t<i aria-hidden=\"true\" class=\"fas fa-calendar-check\"><\/i>\t\t\t\t\t\t\t<\/span>\n\t\t\t\t\t\t\t\t\t<span class=\"elementor-icon-list-text elementor-post-info__item elementor-post-info__item--type-date\">\n\t\t\t\t\t\t\t\t\t\t<time>05\/08\/2022<\/time>\t\t\t\t\t<\/span>\n\t\t\t\t\t\t\t\t\t<\/a>\n\t\t\t\t<\/li>\n\t\t\t\t<\/ul>\n\t\t\t\t\t\t<\/div>\n\t\t\t\t<\/div>\n\t\t\t\t<div class=\"elementor-element elementor-element-78a0a890 elementor-cta--skin-cover elementor-cta--valign-bottom card-2 elementor-bg-transform elementor-bg-transform-zoom-in elementor-widget elementor-widget-call-to-action\" data-id=\"78a0a890\" data-element_type=\"widget\" data-e-type=\"widget\" data-widget_type=\"call-to-action.default\">\n\t\t\t\t<div class=\"elementor-widget-container\">\n\t\t\t\t\t\t\t<a class=\"elementor-cta\" href=\"https:\/\/engeteam.com\/es\/el-suv-mas-tecnologico-de-brasil-con-soluciones-engeteam-en-la-produccion-de-su-nuevo-motor-t270\/\">\n\t\t\t\t\t<div class=\"elementor-cta__bg-wrapper\">\n\t\t\t\t<div class=\"elementor-cta__bg elementor-bg\" style=\"background-image: url();\" role=\"img\" aria-label=\"\"><\/div>\n\t\t\t\t<div class=\"elementor-cta__bg-overlay\"><\/div>\n\t\t\t<\/div>\n\t\t\t\t\t\t\t<div class=\"elementor-cta__content\">\n\t\t\t\t\n\t\t\t\t\n\t\t\t\t\t\t\t\t\t<div class=\"elementor-cta__description elementor-cta__content-item elementor-content-item\">\n\t\t\t\t\t\tEl SUV m\u00e1s tecnol\u00f3gico de Brasil con soluciones ENGETEAM en la producci\u00f3n de su nuevo motor T270\t\t\t\t\t<\/div>\n\t\t\t\t\n\t\t\t\t\t\t\t<\/div>\n\t\t\t\t\t\t<\/a>\n\t\t\t\t\t\t<\/div>\n\t\t\t\t<\/div>\n\t\t\t\t\t<\/div>\n\t\t\t\t<\/div>\n\t\t\t\t<\/div>\n\t\t<a href=\"https:\/\/engeteam.com\/es\/el-suv-mas-tecnologico-de-brasil-con-soluciones-engeteam-en-la-produccion-de-su-nuevo-motor-t270\/\" class=\"jet-engine-listing-overlay-link\"><\/a><\/div><\/div><div class=\"jet-listing-grid__item jet-listing-dynamic-post-4312\" data-post-id=\"4312\"  ><style type=\"text\/css\">.jet-listing-dynamic-post-4312 .elementor-element.elementor-element-4f58f91f:not(.elementor-motion-effects-element-type-background), .jet-listing-dynamic-post-4312 .elementor-element.elementor-element-4f58f91f > .elementor-motion-effects-container > .elementor-motion-effects-layer{background-image:url(\"https:\/\/engeteam.com\/wp-content\/uploads\/2022\/08\/post-nissan.jpg\");}<\/style><div class=\"jet-engine-listing-overlay-wrap\" data-url=\"https:\/\/engeteam.com\/es\/atracamos-en-mexico\/\">\t\t<div data-elementor-type=\"jet-listing-items\" data-elementor-id=\"302\" class=\"elementor elementor-302\" data-elementor-post-type=\"jet-engine\">\n\t\t\t\t<div data-dce-background-image-url=\"https:\/\/engeteam.com\/wp-content\/uploads\/2022\/08\/post-nissan.jpg\" class=\"elementor-element elementor-element-4f58f91f e-flex e-con-boxed e-con e-parent\" data-id=\"4f58f91f\" data-element_type=\"container\" data-e-type=\"container\" data-settings=\"{&quot;background_background&quot;:&quot;classic&quot;,&quot;jet_parallax_layout_list&quot;:[]}\">\n\t\t\t\t\t<div class=\"e-con-inner\">\n\t\t\t\t<div class=\"elementor-element elementor-element-c15ed1a elementor-align-right elementor-hidden-desktop elementor-hidden-tablet elementor-hidden-mobile elementor-hidden-laptop elementor-widget elementor-widget-post-info\" data-id=\"c15ed1a\" data-element_type=\"widget\" data-e-type=\"widget\" data-widget_type=\"post-info.default\">\n\t\t\t\t<div class=\"elementor-widget-container\">\n\t\t\t\t\t\t\t<ul class=\"elementor-inline-items elementor-icon-list-items elementor-post-info\">\n\t\t\t\t\t\t\t\t<li class=\"elementor-icon-list-item elementor-repeater-item-bacdd26 elementor-inline-item\" itemprop=\"datePublished\">\n\t\t\t\t\t\t<a href=\"https:\/\/engeteam.com\/es\/2022\/08\/05\/\">\n\t\t\t\t\t\t\t\t\t\t\t<span class=\"elementor-icon-list-icon\">\n\t\t\t\t\t\t\t\t<i aria-hidden=\"true\" class=\"fas fa-calendar-check\"><\/i>\t\t\t\t\t\t\t<\/span>\n\t\t\t\t\t\t\t\t\t<span class=\"elementor-icon-list-text elementor-post-info__item elementor-post-info__item--type-date\">\n\t\t\t\t\t\t\t\t\t\t<time>05\/08\/2022<\/time>\t\t\t\t\t<\/span>\n\t\t\t\t\t\t\t\t\t<\/a>\n\t\t\t\t<\/li>\n\t\t\t\t<\/ul>\n\t\t\t\t\t\t<\/div>\n\t\t\t\t<\/div>\n\t\t\t\t<div class=\"elementor-element elementor-element-78a0a890 elementor-cta--skin-cover elementor-cta--valign-bottom card-2 elementor-bg-transform elementor-bg-transform-zoom-in elementor-widget elementor-widget-call-to-action\" data-id=\"78a0a890\" data-element_type=\"widget\" data-e-type=\"widget\" data-widget_type=\"call-to-action.default\">\n\t\t\t\t<div class=\"elementor-widget-container\">\n\t\t\t\t\t\t\t<a class=\"elementor-cta\" href=\"https:\/\/engeteam.com\/es\/atracamos-en-mexico\/\">\n\t\t\t\t\t<div class=\"elementor-cta__bg-wrapper\">\n\t\t\t\t<div class=\"elementor-cta__bg elementor-bg\" style=\"background-image: url();\" role=\"img\" aria-label=\"\"><\/div>\n\t\t\t\t<div class=\"elementor-cta__bg-overlay\"><\/div>\n\t\t\t<\/div>\n\t\t\t\t\t\t\t<div class=\"elementor-cta__content\">\n\t\t\t\t\n\t\t\t\t\n\t\t\t\t\t\t\t\t\t<div class=\"elementor-cta__description elementor-cta__content-item elementor-content-item\">\n\t\t\t\t\t\t\u00a1Atracamos en M\u00c9XICO!\t\t\t\t\t<\/div>\n\t\t\t\t\n\t\t\t\t\t\t\t<\/div>\n\t\t\t\t\t\t<\/a>\n\t\t\t\t\t\t<\/div>\n\t\t\t\t<\/div>\n\t\t\t\t\t<\/div>\n\t\t\t\t<\/div>\n\t\t\t\t<\/div>\n\t\t<a href=\"https:\/\/engeteam.com\/es\/atracamos-en-mexico\/\" class=\"jet-engine-listing-overlay-link\"><\/a><\/div><\/div><\/div><\/div>\t\t\t\t<\/div>\n\t\t\t\t<\/div>\n\t\t\t\t<div class=\"elementor-element elementor-element-e1ff778 elementor-widget elementor-widget-jet-smart-filters-pagination\" data-id=\"e1ff778\" data-element_type=\"widget\" data-e-type=\"widget\" data-widget_type=\"jet-smart-filters-pagination.default\">\n\t\t\t\t<div class=\"elementor-widget-container\">\n\t\t\t\t\t<div\n\t\t\t\tclass=\"jet-smart-filters-pagination jet-filter\"\n\t\t\t\tdata-apply-provider=\"jet-engine\"\n\t\t\t\tdata-content-provider=\"jet-engine\"\n\t\t\t\tdata-query-id=\"default\"\n\t\t\t\tdata-controls=\"{&quot;items_enabled&quot;:true,&quot;pages_mid_size&quot;:0,&quot;pages_end_size&quot;:0,&quot;nav_enabled&quot;:true,&quot;prev&quot;:&quot;Ante&quot;,&quot;next&quot;:&quot;Pr\\u00f3x&quot;,&quot;hide_inactive_nav&quot;:true,&quot;load_more_enabled&quot;:false,&quot;provider_top_offset&quot;:0}\"\n\t\t\t\tdata-apply-type=\"ajax\"\n\t\t\t><\/div>\t\t\t\t<\/div>\n\t\t\t\t<\/div>\n\t\t\t\t\t<\/div>\n\t\t\t\t<\/div>\n\t\t\t\t<\/div>\n\t\t","protected":false},"excerpt":{"rendered":"<p>05\/08\/2022 05\/08\/2022 05\/08\/2022<\/p>\n","protected":false},"author":2,"featured_media":3790,"parent":0,"menu_order":0,"comment_status":"closed","ping_status":"closed","template":"","meta":{"_acf_changed":false,"site-sidebar-layout":"no-sidebar","site-content-layout":"page-builder","ast-site-content-layout":"default","site-content-style":"default","site-sidebar-style":"default","ast-global-header-display":"","ast-banner-title-visibility":"","ast-main-header-display":"","ast-hfb-above-header-display":"","ast-hfb-below-header-display":"","ast-hfb-mobile-header-display":"","site-post-title":"disabled","ast-breadcrumbs-content":"","ast-featured-img":"disabled","footer-sml-layout":"","ast-disable-related-posts":"","theme-transparent-header-meta":"default","adv-header-id-meta":"","stick-header-meta":"","header-above-stick-meta":"","header-main-stick-meta":"","header-below-stick-meta":"","astra-migrate-meta-layouts":"default","ast-page-background-enabled":"default","ast-page-background-meta":{"desktop":{"background-color":"var(--ast-global-color-4)","background-image":"","background-repeat":"repeat","background-position":"center center","background-size":"auto","background-attachment":"scroll","background-type":"","background-media":"","overlay-type":"","overlay-color":"","overlay-opacity":"","overlay-gradient":""},"tablet":{"background-color":"","background-image":"","background-repeat":"repeat","background-position":"center center","background-size":"auto","background-attachment":"scroll","background-type":"","background-media":"","overlay-type":"","overlay-color":"","overlay-opacity":"","overlay-gradient":""},"mobile":{"background-color":"","background-image":"","background-repeat":"repeat","background-position":"center center","background-size":"auto","background-attachment":"scroll","background-type":"","background-media":"","overlay-type":"","overlay-color":"","overlay-opacity":"","overlay-gradient":""}},"ast-content-background-meta":{"desktop":{"background-color":"var(--ast-global-color-5)","background-image":"","background-repeat":"repeat","background-position":"center center","background-size":"auto","background-attachment":"scroll","background-type":"","background-media":"","overlay-type":"","overlay-color":"","overlay-opacity":"","overlay-gradient":""},"tablet":{"background-color":"var(--ast-global-color-5)","background-image":"","background-repeat":"repeat","background-position":"center center","background-size":"auto","background-attachment":"scroll","background-type":"","background-media":"","overlay-type":"","overlay-color":"","overlay-opacity":"","overlay-gradient":""},"mobile":{"background-color":"var(--ast-global-color-5)","background-image":"","background-repeat":"repeat","background-position":"center center","background-size":"auto","background-attachment":"scroll","background-type":"","background-media":"","overlay-type":"","overlay-color":"","overlay-opacity":"","overlay-gradient":""}},"footnotes":""},"class_list":["post-4217","page","type-page","status-publish","has-post-thumbnail","hentry"],"acf":[],"yoast_head":"<!-- This site is optimized with the Yoast SEO plugin v27.3 - https:\/\/yoast.com\/product\/yoast-seo-wordpress\/ -->\n<title>Noticias &#8211; Engeteam<\/title>\n<meta name=\"robots\" content=\"index, follow, max-snippet:-1, max-image-preview:large, max-video-preview:-1\" \/>\n<link rel=\"canonical\" href=\"https:\/\/engeteam.com\/es\/noticias\/\" \/>\n<meta property=\"og:locale\" content=\"es_ES\" \/>\n<meta property=\"og:type\" content=\"article\" \/>\n<meta property=\"og:title\" content=\"Noticias &#8211; Engeteam\" \/>\n<meta property=\"og:description\" content=\"05\/08\/2022 05\/08\/2022 05\/08\/2022\" \/>\n<meta property=\"og:url\" content=\"https:\/\/engeteam.com\/es\/noticias\/\" \/>\n<meta property=\"og:site_name\" content=\"Engeteam\" \/>\n<meta property=\"article:modified_time\" content=\"2023-02-03T18:36:01+00:00\" \/>\n<meta property=\"og:image\" content=\"https:\/\/engeteam.com\/wp-content\/uploads\/2022\/12\/noticias.jpg\" \/>\n\t<meta property=\"og:image:width\" content=\"1920\" \/>\n\t<meta property=\"og:image:height\" content=\"444\" \/>\n\t<meta property=\"og:image:type\" content=\"image\/jpeg\" \/>\n<meta name=\"twitter:card\" content=\"summary_large_image\" \/>\n<script type=\"application\/ld+json\" class=\"yoast-schema-graph\">{\"@context\":\"https:\\\/\\\/schema.org\",\"@graph\":[{\"@type\":\"WebPage\",\"@id\":\"https:\\\/\\\/engeteam.com\\\/es\\\/noticias\\\/\",\"url\":\"https:\\\/\\\/engeteam.com\\\/es\\\/noticias\\\/\",\"name\":\"Noticias &#8211; Engeteam\",\"isPartOf\":{\"@id\":\"https:\\\/\\\/engeteam.com\\\/#website\"},\"primaryImageOfPage\":{\"@id\":\"https:\\\/\\\/engeteam.com\\\/es\\\/noticias\\\/#primaryimage\"},\"image\":{\"@id\":\"https:\\\/\\\/engeteam.com\\\/es\\\/noticias\\\/#primaryimage\"},\"thumbnailUrl\":\"https:\\\/\\\/engeteam.com\\\/wp-content\\\/uploads\\\/2022\\\/12\\\/noticias.jpg\",\"datePublished\":\"2022-08-12T17:25:19+00:00\",\"dateModified\":\"2023-02-03T18:36:01+00:00\",\"breadcrumb\":{\"@id\":\"https:\\\/\\\/engeteam.com\\\/es\\\/noticias\\\/#breadcrumb\"},\"inLanguage\":\"es\",\"potentialAction\":[{\"@type\":\"ReadAction\",\"target\":[\"https:\\\/\\\/engeteam.com\\\/es\\\/noticias\\\/\"]}]},{\"@type\":\"ImageObject\",\"inLanguage\":\"es\",\"@id\":\"https:\\\/\\\/engeteam.com\\\/es\\\/noticias\\\/#primaryimage\",\"url\":\"https:\\\/\\\/engeteam.com\\\/wp-content\\\/uploads\\\/2022\\\/12\\\/noticias.jpg\",\"contentUrl\":\"https:\\\/\\\/engeteam.com\\\/wp-content\\\/uploads\\\/2022\\\/12\\\/noticias.jpg\",\"width\":1920,\"height\":444},{\"@type\":\"BreadcrumbList\",\"@id\":\"https:\\\/\\\/engeteam.com\\\/es\\\/noticias\\\/#breadcrumb\",\"itemListElement\":[{\"@type\":\"ListItem\",\"position\":1,\"name\":\"In\u00edcio\",\"item\":\"https:\\\/\\\/engeteam.com\\\/es\\\/home\\\/\"},{\"@type\":\"ListItem\",\"position\":2,\"name\":\"Noticias\"}]},{\"@type\":\"WebSite\",\"@id\":\"https:\\\/\\\/engeteam.com\\\/#website\",\"url\":\"https:\\\/\\\/engeteam.com\\\/\",\"name\":\"Engeteam\",\"description\":\"Solu\u00e7\u00f5es e servi\u00e7os em automa\u00e7\u00e3o industrial, engenharia, sistemas de vis\u00e3o e rob\u00f3tica.\",\"publisher\":{\"@id\":\"https:\\\/\\\/engeteam.com\\\/#organization\"},\"alternateName\":\"Empresa nacional com foco no desenvolvimento de solu\u00e7\u00f5es e servi\u00e7os em automa\u00e7\u00e3o industrial, engenharia, sistemas de vis\u00e3o e rob\u00f3tica.\",\"potentialAction\":[{\"@type\":\"SearchAction\",\"target\":{\"@type\":\"EntryPoint\",\"urlTemplate\":\"https:\\\/\\\/engeteam.com\\\/?s={search_term_string}\"},\"query-input\":{\"@type\":\"PropertyValueSpecification\",\"valueRequired\":true,\"valueName\":\"search_term_string\"}}],\"inLanguage\":\"es\"},{\"@type\":\"Organization\",\"@id\":\"https:\\\/\\\/engeteam.com\\\/#organization\",\"name\":\"Engeteam\",\"url\":\"https:\\\/\\\/engeteam.com\\\/\",\"logo\":{\"@type\":\"ImageObject\",\"inLanguage\":\"es\",\"@id\":\"https:\\\/\\\/engeteam.com\\\/#\\\/schema\\\/logo\\\/image\\\/\",\"url\":\"https:\\\/\\\/engeteam.com\\\/wp-content\\\/uploads\\\/2022\\\/09\\\/logo-engeteam.png\",\"contentUrl\":\"https:\\\/\\\/engeteam.com\\\/wp-content\\\/uploads\\\/2022\\\/09\\\/logo-engeteam.png\",\"width\":240,\"height\":29,\"caption\":\"Engeteam\"},\"image\":{\"@id\":\"https:\\\/\\\/engeteam.com\\\/#\\\/schema\\\/logo\\\/image\\\/\"}}]}<\/script>\n<!-- \/ Yoast SEO plugin. -->","yoast_head_json":{"title":"Noticias &#8211; Engeteam","robots":{"index":"index","follow":"follow","max-snippet":"max-snippet:-1","max-image-preview":"max-image-preview:large","max-video-preview":"max-video-preview:-1"},"canonical":"https:\/\/engeteam.com\/es\/noticias\/","og_locale":"es_ES","og_type":"article","og_title":"Noticias &#8211; Engeteam","og_description":"05\/08\/2022 05\/08\/2022 05\/08\/2022","og_url":"https:\/\/engeteam.com\/es\/noticias\/","og_site_name":"Engeteam","article_modified_time":"2023-02-03T18:36:01+00:00","og_image":[{"width":1920,"height":444,"url":"https:\/\/engeteam.com\/wp-content\/uploads\/2022\/12\/noticias.jpg","type":"image\/jpeg"}],"twitter_card":"summary_large_image","schema":{"@context":"https:\/\/schema.org","@graph":[{"@type":"WebPage","@id":"https:\/\/engeteam.com\/es\/noticias\/","url":"https:\/\/engeteam.com\/es\/noticias\/","name":"Noticias &#8211; Engeteam","isPartOf":{"@id":"https:\/\/engeteam.com\/#website"},"primaryImageOfPage":{"@id":"https:\/\/engeteam.com\/es\/noticias\/#primaryimage"},"image":{"@id":"https:\/\/engeteam.com\/es\/noticias\/#primaryimage"},"thumbnailUrl":"https:\/\/engeteam.com\/wp-content\/uploads\/2022\/12\/noticias.jpg","datePublished":"2022-08-12T17:25:19+00:00","dateModified":"2023-02-03T18:36:01+00:00","breadcrumb":{"@id":"https:\/\/engeteam.com\/es\/noticias\/#breadcrumb"},"inLanguage":"es","potentialAction":[{"@type":"ReadAction","target":["https:\/\/engeteam.com\/es\/noticias\/"]}]},{"@type":"ImageObject","inLanguage":"es","@id":"https:\/\/engeteam.com\/es\/noticias\/#primaryimage","url":"https:\/\/engeteam.com\/wp-content\/uploads\/2022\/12\/noticias.jpg","contentUrl":"https:\/\/engeteam.com\/wp-content\/uploads\/2022\/12\/noticias.jpg","width":1920,"height":444},{"@type":"BreadcrumbList","@id":"https:\/\/engeteam.com\/es\/noticias\/#breadcrumb","itemListElement":[{"@type":"ListItem","position":1,"name":"In\u00edcio","item":"https:\/\/engeteam.com\/es\/home\/"},{"@type":"ListItem","position":2,"name":"Noticias"}]},{"@type":"WebSite","@id":"https:\/\/engeteam.com\/#website","url":"https:\/\/engeteam.com\/","name":"Engeteam","description":"Solu\u00e7\u00f5es e servi\u00e7os em automa\u00e7\u00e3o industrial, engenharia, sistemas de vis\u00e3o e rob\u00f3tica.","publisher":{"@id":"https:\/\/engeteam.com\/#organization"},"alternateName":"Empresa nacional com foco no desenvolvimento de solu\u00e7\u00f5es e servi\u00e7os em automa\u00e7\u00e3o industrial, engenharia, sistemas de vis\u00e3o e rob\u00f3tica.","potentialAction":[{"@type":"SearchAction","target":{"@type":"EntryPoint","urlTemplate":"https:\/\/engeteam.com\/?s={search_term_string}"},"query-input":{"@type":"PropertyValueSpecification","valueRequired":true,"valueName":"search_term_string"}}],"inLanguage":"es"},{"@type":"Organization","@id":"https:\/\/engeteam.com\/#organization","name":"Engeteam","url":"https:\/\/engeteam.com\/","logo":{"@type":"ImageObject","inLanguage":"es","@id":"https:\/\/engeteam.com\/#\/schema\/logo\/image\/","url":"https:\/\/engeteam.com\/wp-content\/uploads\/2022\/09\/logo-engeteam.png","contentUrl":"https:\/\/engeteam.com\/wp-content\/uploads\/2022\/09\/logo-engeteam.png","width":240,"height":29,"caption":"Engeteam"},"image":{"@id":"https:\/\/engeteam.com\/#\/schema\/logo\/image\/"}}]}},"_links":{"self":[{"href":"https:\/\/engeteam.com\/es\/wp-json\/wp\/v2\/pages\/4217","targetHints":{"allow":["GET"]}}],"collection":[{"href":"https:\/\/engeteam.com\/es\/wp-json\/wp\/v2\/pages"}],"about":[{"href":"https:\/\/engeteam.com\/es\/wp-json\/wp\/v2\/types\/page"}],"author":[{"embeddable":true,"href":"https:\/\/engeteam.com\/es\/wp-json\/wp\/v2\/users\/2"}],"replies":[{"embeddable":true,"href":"https:\/\/engeteam.com\/es\/wp-json\/wp\/v2\/comments?post=4217"}],"version-history":[{"count":0,"href":"https:\/\/engeteam.com\/es\/wp-json\/wp\/v2\/pages\/4217\/revisions"}],"wp:featuredmedia":[{"embeddable":true,"href":"https:\/\/engeteam.com\/es\/wp-json\/wp\/v2\/media\/3790"}],"wp:attachment":[{"href":"https:\/\/engeteam.com\/es\/wp-json\/wp\/v2\/media?parent=4217"}],"curies":[{"name":"wp","href":"https:\/\/api.w.org\/{rel}","templated":true}]}}