{"id":4221,"date":"2022-09-30T16:57:43","date_gmt":"2022-09-30T19:57:43","guid":{"rendered":"https:\/\/engeteam.com\/?page_id=4221"},"modified":"2023-02-12T01:55:35","modified_gmt":"2023-02-12T01:55:35","slug":"hable-con-nosotros","status":"publish","type":"page","link":"https:\/\/engeteam.com\/es\/hable-con-nosotros\/","title":{"rendered":"Hable con Nosotros"},"content":{"rendered":"\t\t<div data-elementor-type=\"wp-page\" data-elementor-id=\"4221\" class=\"elementor elementor-4221 elementor-1573\" data-elementor-post-type=\"page\">\n\t\t\t\t<div class=\"elementor-element elementor-element-40c1e90 e-con-full e-flex e-con e-parent\" data-id=\"40c1e90\" data-element_type=\"container\" data-e-type=\"container\" data-settings=\"{&quot;jet_parallax_layout_list&quot;:[]}\">\n\t\t<div class=\"elementor-element elementor-element-821d33c e-con-full e-flex e-con e-parent\" data-id=\"821d33c\" data-element_type=\"container\" data-e-type=\"container\" data-settings=\"{&quot;jet_parallax_layout_list&quot;:[]}\">\n\t\t\t\t<div class=\"elementor-element elementor-element-ddf9d21 elementor-widget elementor-widget-google_maps\" data-id=\"ddf9d21\" data-element_type=\"widget\" data-e-type=\"widget\" data-widget_type=\"google_maps.default\">\n\t\t\t\t<div class=\"elementor-widget-container\">\n\t\t\t\t\t\t\t<div class=\"elementor-custom-embed\">\n\t\t\t<iframe loading=\"lazy\"\n\t\t\t\t\tsrc=\"https:\/\/maps.google.com\/maps?q=engeteam&#038;t=m&#038;z=17&#038;output=embed&#038;iwloc=near\"\n\t\t\t\t\ttitle=\"engeteam\"\n\t\t\t\t\taria-label=\"engeteam\"\n\t\t\t><\/iframe>\n\t\t<\/div>\n\t\t\t\t\t\t<\/div>\n\t\t\t\t<\/div>\n\t\t\t\t<\/div>\n\t\t<div class=\"elementor-element elementor-element-a08451f e-con-full e-flex e-con e-parent\" data-id=\"a08451f\" data-element_type=\"container\" data-e-type=\"container\" data-settings=\"{&quot;background_background&quot;:&quot;classic&quot;,&quot;jet_parallax_layout_list&quot;:[]}\">\n\t\t\t\t<div class=\"elementor-element elementor-element-757f9a1 titulos-engeteam elementor-widget-mobile__width-inherit elementor-widget elementor-widget-image-box\" data-id=\"757f9a1\" data-element_type=\"widget\" data-e-type=\"widget\" data-widget_type=\"image-box.default\">\n\t\t\t\t<div class=\"elementor-widget-container\">\n\t\t\t\t\t<div class=\"elementor-image-box-wrapper\"><div class=\"elementor-image-box-content\"><h3 class=\"elementor-image-box-title\">HABLE CON NOSOTROS<\/h3><p class=\"elementor-image-box-description\">P\u00d3NGASE EN CONTACTO<br>\n<span>CON LA ENGETEAM<\/span><\/p><\/div><\/div>\t\t\t\t<\/div>\n\t\t\t\t<\/div>\n\t\t\t\t<div class=\"elementor-element elementor-element-7dc1a95 elementor-widget__width-initial elementor-widget-tablet__width-inherit elementor-button-align-stretch elementor-widget elementor-widget-form\" data-id=\"7dc1a95\" data-element_type=\"widget\" data-e-type=\"widget\" data-settings=\"{&quot;step_next_label&quot;:&quot;Next&quot;,&quot;step_previous_label&quot;:&quot;Previous&quot;,&quot;button_width&quot;:&quot;100&quot;,&quot;step_type&quot;:&quot;number_text&quot;,&quot;step_icon_shape&quot;:&quot;circle&quot;}\" data-widget_type=\"form.default\">\n\t\t\t\t<div class=\"elementor-widget-container\">\n\t\t\t\t\t\t\t<form class=\"elementor-form\" method=\"post\" name=\"Fale Conosco\" aria-label=\"Fale Conosco\">\n\t\t\t<input type=\"hidden\" name=\"post_id\" value=\"4221\"\/>\n\t\t\t<input type=\"hidden\" name=\"form_id\" value=\"7dc1a95\"\/>\n\t\t\t<input type=\"hidden\" name=\"referer_title\" value=\"Engeteam\" \/>\n\n\t\t\t\n\t\t\t<div class=\"elementor-form-fields-wrapper elementor-labels-\">\n\t\t\t\t\t\t\t\t<div class=\"elementor-field-type-text elementor-field-group elementor-column elementor-field-group-nome elementor-col-50 elementor-field-required\">\n\t\t\t\t\t\t\t\t\t\t\t\t<label for=\"form-field-nome\" class=\"elementor-field-label elementor-screen-only\">\n\t\t\t\t\t\t\t\tNome\t\t\t\t\t\t\t<\/label>\n\t\t\t\t\t\t\t\t\t\t\t\t\t\t<input size=\"1\" type=\"text\" name=\"form_fields[nome]\" id=\"form-field-nome\" class=\"elementor-field elementor-size-sm  elementor-field-textual\" placeholder=\"Nombre\" required=\"required\">\n\t\t\t\t\t\t\t\t\t\t\t<\/div>\n\t\t\t\t\t\t\t\t<div class=\"elementor-field-type-email elementor-field-group elementor-column elementor-field-group-email elementor-col-50 elementor-field-required\">\n\t\t\t\t\t\t\t\t\t\t\t\t<label for=\"form-field-email\" class=\"elementor-field-label elementor-screen-only\">\n\t\t\t\t\t\t\t\tEmail\t\t\t\t\t\t\t<\/label>\n\t\t\t\t\t\t\t\t\t\t\t\t\t\t<input size=\"1\" type=\"email\" name=\"form_fields[email]\" id=\"form-field-email\" class=\"elementor-field elementor-size-sm  elementor-field-textual\" placeholder=\"Email\" required=\"required\">\n\t\t\t\t\t\t\t\t\t\t\t<\/div>\n\t\t\t\t\t\t\t\t<div class=\"elementor-field-type-tel elementor-field-group elementor-column elementor-field-group-field_9a09361 elementor-col-50 elementor-field-required\">\n\t\t\t\t\t\t\t\t\t\t\t\t<label for=\"form-field-field_9a09361\" class=\"elementor-field-label elementor-screen-only\">\n\t\t\t\t\t\t\t\tTelefone\t\t\t\t\t\t\t<\/label>\n\t\t\t\t\t\t\t\t<input size=\"1\" type=\"tel\" name=\"form_fields[field_9a09361]\" id=\"form-field-field_9a09361\" class=\"elementor-field elementor-size-sm  elementor-field-textual\" placeholder=\"Tel\u00e9fono\" required=\"required\" pattern=\"[0-9()#&amp;+*-=.]+\" title=\"Only numbers and phone characters (#, -, *, etc) are accepted.\">\n\n\t\t\t\t\t\t<\/div>\n\t\t\t\t\t\t\t\t<div class=\"elementor-field-type-text elementor-field-group elementor-column elementor-field-group-field_a747238 elementor-col-50 elementor-field-required\">\n\t\t\t\t\t\t\t\t\t\t\t\t<label for=\"form-field-field_a747238\" class=\"elementor-field-label elementor-screen-only\">\n\t\t\t\t\t\t\t\tEmpresa\t\t\t\t\t\t\t<\/label>\n\t\t\t\t\t\t\t\t\t\t\t\t\t\t<input size=\"1\" type=\"text\" name=\"form_fields[field_a747238]\" id=\"form-field-field_a747238\" class=\"elementor-field elementor-size-sm  elementor-field-textual\" placeholder=\"Empresa\" required=\"required\">\n\t\t\t\t\t\t\t\t\t\t\t<\/div>\n\t\t\t\t\t\t\t\t<div class=\"elementor-field-type-select elementor-field-group elementor-column elementor-field-group-field_299e3b4 elementor-col-50 elementor-field-required\">\n\t\t\t\t\t\t\t\t\t\t\t\t<label for=\"form-field-field_299e3b4\" class=\"elementor-field-label elementor-screen-only\">\n\t\t\t\t\t\t\t\tPosici\u00f3n Deseada\t\t\t\t\t\t\t<\/label>\n\t\t\t\t\t\t\t\t<div class=\"elementor-field elementor-select-wrapper remove-before \">\n\t\t\t<div class=\"select-caret-down-wrapper\">\n\t\t\t\t<i aria-hidden=\"true\" class=\"eicon-caret-down\"><\/i>\t\t\t<\/div>\n\t\t\t<select name=\"form_fields[field_299e3b4]\" id=\"form-field-field_299e3b4\" class=\"elementor-field-textual elementor-size-sm\" required=\"required\">\n\t\t\t\t\t\t\t\t\t<option value=\"\">Elija Sector<\/option>\n\t\t\t\t\t\t\t\t\t<option value=\"Suministros\">Suministros<\/option>\n\t\t\t\t\t\t\t\t\t<option value=\"Ventas\">Ventas<\/option>\n\t\t\t\t\t\t\t\t\t<option value=\"Dudas\">Dudas<\/option>\n\t\t\t\t\t\t\t\t\t<option value=\"sugerencias\">sugerencias<\/option>\n\t\t\t\t\t\t\t\t\t<option value=\"Servicio\">Servicio<\/option>\n\t\t\t\t\t\t\t<\/select>\n\t\t<\/div>\n\t\t\t\t\t\t<\/div>\n\t\t\t\t\t\t\t\t<div class=\"elementor-field-type-text elementor-field-group elementor-column elementor-field-group-field_21b2f84 elementor-col-50 elementor-field-required\">\n\t\t\t\t\t\t\t\t\t\t\t\t<label for=\"form-field-field_21b2f84\" class=\"elementor-field-label elementor-screen-only\">\n\t\t\t\t\t\t\t\tAssunto\t\t\t\t\t\t\t<\/label>\n\t\t\t\t\t\t\t\t\t\t\t\t\t\t<input size=\"1\" type=\"text\" name=\"form_fields[field_21b2f84]\" id=\"form-field-field_21b2f84\" class=\"elementor-field elementor-size-sm  elementor-field-textual\" placeholder=\"Asunto\" required=\"required\">\n\t\t\t\t\t\t\t\t\t\t\t<\/div>\n\t\t\t\t\t\t\t\t<div class=\"elementor-field-type-textarea elementor-field-group elementor-column elementor-field-group-message elementor-col-100 elementor-field-required\">\n\t\t\t\t\t\t\t\t\t\t\t\t<label for=\"form-field-message\" class=\"elementor-field-label elementor-screen-only\">\n\t\t\t\t\t\t\t\tQual a sua necessidade?\t\t\t\t\t\t\t<\/label>\n\t\t\t\t\t\t<textarea class=\"elementor-field-textual elementor-field  elementor-size-sm\" name=\"form_fields[message]\" id=\"form-field-message\" rows=\"4\" placeholder=\"\u00bfCu\u00e1l es tu necesidad?\" required=\"required\"><\/textarea>\t\t\t\t<\/div>\n\t\t\t\t\t\t\t\t<div class=\"elementor-field-type-recaptcha_v3 elementor-field-group elementor-column elementor-field-group-field_142137e elementor-col-100 recaptcha_v3-bottomright\">\n\t\t\t\t\t<div class=\"elementor-field\" id=\"form-field-field_142137e\"><div class=\"elementor-g-recaptcha\" data-sitekey=\"6Ldjby8nAAAAAG9Ry-SQbNU_U8Q3w-tZIRtPCjh_\" data-type=\"v3\" data-action=\"Form\" data-badge=\"bottomright\" data-size=\"invisible\"><\/div><\/div>\t\t\t\t<\/div>\n\t\t\t\t\t\t\t\t<div class=\"elementor-field-group elementor-column elementor-field-type-submit elementor-col-100 e-form__buttons\">\n\t\t\t\t\t<button class=\"elementor-button elementor-size-sm\" type=\"submit\">\n\t\t\t\t\t\t<span class=\"elementor-button-content-wrapper\">\n\t\t\t\t\t\t\t\t\t\t\t\t\t\t\t\t\t\t\t\t\t\t<span class=\"elementor-button-text\">ENVIAR MENSAJE<\/span>\n\t\t\t\t\t\t\t\t\t\t\t\t\t<\/span>\n\t\t\t\t\t<\/button>\n\t\t\t\t<\/div>\n\t\t\t<\/div>\n\t\t<\/form>\n\t\t\t\t\t\t<\/div>\n\t\t\t\t<\/div>\n\t\t\t\t<\/div>\n\t\t\t\t<\/div>\n\t\t\t\t<\/div>\n\t\t","protected":false},"excerpt":{"rendered":"<p>HABLE CON NOSOTROS P\u00d3NGASE EN CONTACTO CON LA ENGETEAM<\/p>\n","protected":false},"author":2,"featured_media":3788,"parent":0,"menu_order":0,"comment_status":"closed","ping_status":"closed","template":"","meta":{"_acf_changed":false,"site-sidebar-layout":"no-sidebar","site-content-layout":"page-builder","ast-site-content-layout":"default","site-content-style":"default","site-sidebar-style":"default","ast-global-header-display":"","ast-banner-title-visibility":"","ast-main-header-display":"","ast-hfb-above-header-display":"","ast-hfb-below-header-display":"","ast-hfb-mobile-header-display":"","site-post-title":"disabled","ast-breadcrumbs-content":"","ast-featured-img":"disabled","footer-sml-layout":"","ast-disable-related-posts":"","theme-transparent-header-meta":"default","adv-header-id-meta":"","stick-header-meta":"","header-above-stick-meta":"","header-main-stick-meta":"","header-below-stick-meta":"","astra-migrate-meta-layouts":"default","ast-page-background-enabled":"default","ast-page-background-meta":{"desktop":{"background-color":"var(--ast-global-color-4)","background-image":"","background-repeat":"repeat","background-position":"center center","background-size":"auto","background-attachment":"scroll","background-type":"","background-media":"","overlay-type":"","overlay-color":"","overlay-opacity":"","overlay-gradient":""},"tablet":{"background-color":"","background-image":"","background-repeat":"repeat","background-position":"center center","background-size":"auto","background-attachment":"scroll","background-type":"","background-media":"","overlay-type":"","overlay-color":"","overlay-opacity":"","overlay-gradient":""},"mobile":{"background-color":"","background-image":"","background-repeat":"repeat","background-position":"center center","background-size":"auto","background-attachment":"scroll","background-type":"","background-media":"","overlay-type":"","overlay-color":"","overlay-opacity":"","overlay-gradient":""}},"ast-content-background-meta":{"desktop":{"background-color":"var(--ast-global-color-5)","background-image":"","background-repeat":"repeat","background-position":"center center","background-size":"auto","background-attachment":"scroll","background-type":"","background-media":"","overlay-type":"","overlay-color":"","overlay-opacity":"","overlay-gradient":""},"tablet":{"background-color":"var(--ast-global-color-5)","background-image":"","background-repeat":"repeat","background-position":"center center","background-size":"auto","background-attachment":"scroll","background-type":"","background-media":"","overlay-type":"","overlay-color":"","overlay-opacity":"","overlay-gradient":""},"mobile":{"background-color":"var(--ast-global-color-5)","background-image":"","background-repeat":"repeat","background-position":"center center","background-size":"auto","background-attachment":"scroll","background-type":"","background-media":"","overlay-type":"","overlay-color":"","overlay-opacity":"","overlay-gradient":""}},"footnotes":""},"class_list":["post-4221","page","type-page","status-publish","has-post-thumbnail","hentry"],"acf":[],"yoast_head":"<!-- This site is optimized with the Yoast SEO plugin v27.3 - https:\/\/yoast.com\/product\/yoast-seo-wordpress\/ -->\n<title>Hable con Nosotros &#8211; Engeteam<\/title>\n<meta name=\"robots\" content=\"index, follow, max-snippet:-1, max-image-preview:large, max-video-preview:-1\" \/>\n<link rel=\"canonical\" href=\"https:\/\/engeteam.com\/es\/\" \/>\n<meta property=\"og:locale\" content=\"es_ES\" \/>\n<meta property=\"og:type\" content=\"article\" \/>\n<meta property=\"og:title\" content=\"Hable con Nosotros &#8211; Engeteam\" \/>\n<meta property=\"og:description\" content=\"HABLE CON NOSOTROS P\u00d3NGASE EN CONTACTO CON LA ENGETEAM\" \/>\n<meta property=\"og:url\" content=\"https:\/\/engeteam.com\/es\/\" \/>\n<meta property=\"og:site_name\" content=\"Engeteam\" \/>\n<meta property=\"article:modified_time\" content=\"2023-02-12T01:55:35+00:00\" \/>\n<meta property=\"og:image\" content=\"https:\/\/engeteam.com\/wp-content\/uploads\/2022\/12\/contato.jpg\" \/>\n\t<meta property=\"og:image:width\" content=\"1920\" \/>\n\t<meta property=\"og:image:height\" content=\"444\" \/>\n\t<meta property=\"og:image:type\" content=\"image\/jpeg\" \/>\n<meta name=\"twitter:card\" content=\"summary_large_image\" \/>\n<script type=\"application\/ld+json\" class=\"yoast-schema-graph\">{\"@context\":\"https:\\\/\\\/schema.org\",\"@graph\":[{\"@type\":\"WebPage\",\"@id\":\"https:\\\/\\\/engeteam.com\\\/es\\\/\",\"url\":\"https:\\\/\\\/engeteam.com\\\/es\\\/\",\"name\":\"Hable con Nosotros &#8211; Engeteam\",\"isPartOf\":{\"@id\":\"https:\\\/\\\/engeteam.com\\\/#website\"},\"primaryImageOfPage\":{\"@id\":\"https:\\\/\\\/engeteam.com\\\/es\\\/#primaryimage\"},\"image\":{\"@id\":\"https:\\\/\\\/engeteam.com\\\/es\\\/#primaryimage\"},\"thumbnailUrl\":\"https:\\\/\\\/engeteam.com\\\/wp-content\\\/uploads\\\/2022\\\/12\\\/contato.jpg\",\"datePublished\":\"2022-09-30T19:57:43+00:00\",\"dateModified\":\"2023-02-12T01:55:35+00:00\",\"breadcrumb\":{\"@id\":\"https:\\\/\\\/engeteam.com\\\/es\\\/#breadcrumb\"},\"inLanguage\":\"es\",\"potentialAction\":[{\"@type\":\"ReadAction\",\"target\":[\"https:\\\/\\\/engeteam.com\\\/es\\\/\"]}]},{\"@type\":\"ImageObject\",\"inLanguage\":\"es\",\"@id\":\"https:\\\/\\\/engeteam.com\\\/es\\\/#primaryimage\",\"url\":\"https:\\\/\\\/engeteam.com\\\/wp-content\\\/uploads\\\/2022\\\/12\\\/contato.jpg\",\"contentUrl\":\"https:\\\/\\\/engeteam.com\\\/wp-content\\\/uploads\\\/2022\\\/12\\\/contato.jpg\",\"width\":1920,\"height\":444},{\"@type\":\"BreadcrumbList\",\"@id\":\"https:\\\/\\\/engeteam.com\\\/es\\\/#breadcrumb\",\"itemListElement\":[{\"@type\":\"ListItem\",\"position\":1,\"name\":\"In\u00edcio\",\"item\":\"https:\\\/\\\/engeteam.com\\\/es\\\/home\\\/\"},{\"@type\":\"ListItem\",\"position\":2,\"name\":\"Hable con Nosotros\"}]},{\"@type\":\"WebSite\",\"@id\":\"https:\\\/\\\/engeteam.com\\\/#website\",\"url\":\"https:\\\/\\\/engeteam.com\\\/\",\"name\":\"Engeteam\",\"description\":\"Solu\u00e7\u00f5es e servi\u00e7os em automa\u00e7\u00e3o industrial, engenharia, sistemas de vis\u00e3o e rob\u00f3tica.\",\"publisher\":{\"@id\":\"https:\\\/\\\/engeteam.com\\\/#organization\"},\"alternateName\":\"Empresa nacional com foco no desenvolvimento de solu\u00e7\u00f5es e servi\u00e7os em automa\u00e7\u00e3o industrial, engenharia, sistemas de vis\u00e3o e rob\u00f3tica.\",\"potentialAction\":[{\"@type\":\"SearchAction\",\"target\":{\"@type\":\"EntryPoint\",\"urlTemplate\":\"https:\\\/\\\/engeteam.com\\\/?s={search_term_string}\"},\"query-input\":{\"@type\":\"PropertyValueSpecification\",\"valueRequired\":true,\"valueName\":\"search_term_string\"}}],\"inLanguage\":\"es\"},{\"@type\":\"Organization\",\"@id\":\"https:\\\/\\\/engeteam.com\\\/#organization\",\"name\":\"Engeteam\",\"url\":\"https:\\\/\\\/engeteam.com\\\/\",\"logo\":{\"@type\":\"ImageObject\",\"inLanguage\":\"es\",\"@id\":\"https:\\\/\\\/engeteam.com\\\/#\\\/schema\\\/logo\\\/image\\\/\",\"url\":\"https:\\\/\\\/engeteam.com\\\/wp-content\\\/uploads\\\/2022\\\/09\\\/logo-engeteam.png\",\"contentUrl\":\"https:\\\/\\\/engeteam.com\\\/wp-content\\\/uploads\\\/2022\\\/09\\\/logo-engeteam.png\",\"width\":240,\"height\":29,\"caption\":\"Engeteam\"},\"image\":{\"@id\":\"https:\\\/\\\/engeteam.com\\\/#\\\/schema\\\/logo\\\/image\\\/\"}}]}<\/script>\n<!-- \/ Yoast SEO plugin. -->","yoast_head_json":{"title":"Hable con Nosotros &#8211; Engeteam","robots":{"index":"index","follow":"follow","max-snippet":"max-snippet:-1","max-image-preview":"max-image-preview:large","max-video-preview":"max-video-preview:-1"},"canonical":"https:\/\/engeteam.com\/es\/","og_locale":"es_ES","og_type":"article","og_title":"Hable con Nosotros &#8211; Engeteam","og_description":"HABLE CON NOSOTROS P\u00d3NGASE EN CONTACTO CON LA ENGETEAM","og_url":"https:\/\/engeteam.com\/es\/","og_site_name":"Engeteam","article_modified_time":"2023-02-12T01:55:35+00:00","og_image":[{"width":1920,"height":444,"url":"https:\/\/engeteam.com\/wp-content\/uploads\/2022\/12\/contato.jpg","type":"image\/jpeg"}],"twitter_card":"summary_large_image","schema":{"@context":"https:\/\/schema.org","@graph":[{"@type":"WebPage","@id":"https:\/\/engeteam.com\/es\/","url":"https:\/\/engeteam.com\/es\/","name":"Hable con Nosotros &#8211; Engeteam","isPartOf":{"@id":"https:\/\/engeteam.com\/#website"},"primaryImageOfPage":{"@id":"https:\/\/engeteam.com\/es\/#primaryimage"},"image":{"@id":"https:\/\/engeteam.com\/es\/#primaryimage"},"thumbnailUrl":"https:\/\/engeteam.com\/wp-content\/uploads\/2022\/12\/contato.jpg","datePublished":"2022-09-30T19:57:43+00:00","dateModified":"2023-02-12T01:55:35+00:00","breadcrumb":{"@id":"https:\/\/engeteam.com\/es\/#breadcrumb"},"inLanguage":"es","potentialAction":[{"@type":"ReadAction","target":["https:\/\/engeteam.com\/es\/"]}]},{"@type":"ImageObject","inLanguage":"es","@id":"https:\/\/engeteam.com\/es\/#primaryimage","url":"https:\/\/engeteam.com\/wp-content\/uploads\/2022\/12\/contato.jpg","contentUrl":"https:\/\/engeteam.com\/wp-content\/uploads\/2022\/12\/contato.jpg","width":1920,"height":444},{"@type":"BreadcrumbList","@id":"https:\/\/engeteam.com\/es\/#breadcrumb","itemListElement":[{"@type":"ListItem","position":1,"name":"In\u00edcio","item":"https:\/\/engeteam.com\/es\/home\/"},{"@type":"ListItem","position":2,"name":"Hable con Nosotros"}]},{"@type":"WebSite","@id":"https:\/\/engeteam.com\/#website","url":"https:\/\/engeteam.com\/","name":"Engeteam","description":"Solu\u00e7\u00f5es e servi\u00e7os em automa\u00e7\u00e3o industrial, engenharia, sistemas de vis\u00e3o e rob\u00f3tica.","publisher":{"@id":"https:\/\/engeteam.com\/#organization"},"alternateName":"Empresa nacional com foco no desenvolvimento de solu\u00e7\u00f5es e servi\u00e7os em automa\u00e7\u00e3o industrial, engenharia, sistemas de vis\u00e3o e rob\u00f3tica.","potentialAction":[{"@type":"SearchAction","target":{"@type":"EntryPoint","urlTemplate":"https:\/\/engeteam.com\/?s={search_term_string}"},"query-input":{"@type":"PropertyValueSpecification","valueRequired":true,"valueName":"search_term_string"}}],"inLanguage":"es"},{"@type":"Organization","@id":"https:\/\/engeteam.com\/#organization","name":"Engeteam","url":"https:\/\/engeteam.com\/","logo":{"@type":"ImageObject","inLanguage":"es","@id":"https:\/\/engeteam.com\/#\/schema\/logo\/image\/","url":"https:\/\/engeteam.com\/wp-content\/uploads\/2022\/09\/logo-engeteam.png","contentUrl":"https:\/\/engeteam.com\/wp-content\/uploads\/2022\/09\/logo-engeteam.png","width":240,"height":29,"caption":"Engeteam"},"image":{"@id":"https:\/\/engeteam.com\/#\/schema\/logo\/image\/"}}]}},"_links":{"self":[{"href":"https:\/\/engeteam.com\/es\/wp-json\/wp\/v2\/pages\/4221","targetHints":{"allow":["GET"]}}],"collection":[{"href":"https:\/\/engeteam.com\/es\/wp-json\/wp\/v2\/pages"}],"about":[{"href":"https:\/\/engeteam.com\/es\/wp-json\/wp\/v2\/types\/page"}],"author":[{"embeddable":true,"href":"https:\/\/engeteam.com\/es\/wp-json\/wp\/v2\/users\/2"}],"replies":[{"embeddable":true,"href":"https:\/\/engeteam.com\/es\/wp-json\/wp\/v2\/comments?post=4221"}],"version-history":[{"count":0,"href":"https:\/\/engeteam.com\/es\/wp-json\/wp\/v2\/pages\/4221\/revisions"}],"wp:featuredmedia":[{"embeddable":true,"href":"https:\/\/engeteam.com\/es\/wp-json\/wp\/v2\/media\/3788"}],"wp:attachment":[{"href":"https:\/\/engeteam.com\/es\/wp-json\/wp\/v2\/media?parent=4221"}],"curies":[{"name":"wp","href":"https:\/\/api.w.org\/{rel}","templated":true}]}}